{"id":6668,"date":"2018-05-26T04:10:02","date_gmt":"2018-05-26T02:10:02","guid":{"rendered":"https:\/\/www.orangeholidayhousing.com\/home\/"},"modified":"2020-03-22T13:42:20","modified_gmt":"2020-03-22T12:42:20","slug":"home","status":"publish","type":"page","link":"https:\/\/www.orangeholidayhousing.com\/es\/","title":{"rendered":"Inicio"},"content":{"rendered":"<div class=\"wpb-content-wrapper\">[vc_row column_spacing=\u00bb40&#8243; bg_style=\u00bbstretch\u00bb css=\u00bb.vc_custom_1534878360542{padding-bottom: 30px !important;}\u00bb][vc_column][vc_column_text]Orange Holiday Housing ofrece residencias vacacionales y equipamientos en el estilo t\u00edpico del noroeste de Europa, pero bajo el sol y entre los campos de naranjos de Espa\u00f1a. Con nuestra oferta respondemos a la creciente demanda de las comodidades del hogar durante las vacaciones.<\/p>\n<p>Orange Holiday Housing est\u00e1 situado en la Costa Blanca en Torrevieja y tiene un \u00e1rea de operaci\u00f3n de 50 kil\u00f3metros alrededor de este pueblo costero aut\u00e9ntico.<br \/>\n[\/vc_column_text][\/vc_column][\/vc_row][vc_row equal_height=\u00bbyes\u00bb bg_style=\u00bbstretch\u00bb video_bg_overlay=\u00bbnone\u00bb][vc_column width=\u00bb1\/2&#8243;]<style>.vcex-image-banner.vcex_6a0315cd0fdbd .vcex-ib-content-wrap{padding-block:50px;}.vcex-image-banner.vcex_6a0315cd0fdbd .vcex-ib-overlay-bg{opacity:0.35;}.vcex-image-banner.vcex_6a0315cd0fdbd .vcex-ib-title{padding-block-end:50px;}.vcex-image-banner.vcex_6a0315cd0fdbd .vcex-ib-caption{font-family:'Open Sans', sans-serif;font-size:16px;}.vcex-image-banner.vcex_6a0315cd0fdbd .vcex-ib-button-inner{font-family:'Open Sans', sans-serif;font-weight:600;background:#ff7800;color:#ffffff;}.vcex-image-banner.vcex_6a0315cd0fdbd .vcex-ib-button-inner:hover{background:#e66c00;color:#ffffff;}<\/style><a class=\"vcex-module vcex-image-banner vcex-image-banner-has-link wpex-no-underline wpex-flex wpex-flex-col wpex-w-100 wpex-justify-center wpex-relative wpex-overflow-hidden wpex-bg-gray-900 wpex-text-white wpex-hover-text-white wpex-text-center vcex-h-zoom wpex-isolate vcex-has-button equal-height-content vcex_6a0315cd0fdbd\" href=\"https:\/\/www.orangeholidayhousing.com\/es\/villa-amalia\/\"><span class=\"vcex-ib-img wpex-block wpex-transition-all wpex-duration-500 wpex-bg-cover wpex-absolute wpex-inset-0\" style=\"background-image:url(https:\/\/www.orangeholidayhousing.com\/wp-content\/uploads\/2019\/12\/VillaAmaliaImageHOME.jpg);\"><\/span><div class=\"vcex-ib-overlay wpex-absolute wpex-inset-0 wpex-transition-all wpex-duration-500\"><div class=\"vcex-ib-overlay-bg wpex-absolute wpex-inset-0 wpex-bg-black wpex-opacity-30\"><\/div><\/div><div class=\"vcex-ib-content-wrap wpex-w-100 wpex-transition-all wpex-duration-500 wpex-py-100 wpex-px-40 wpex-relative\"><div class=\"vcex-ib-content wpex-mx-auto\"><h2 class=\"vcex-ib-title wpex-heading wpex-inherit-color-important\">Villa Amalia<\/h2><div class=\"vcex-ib-button\"><span class=\"vcex-ib-button-inner theme-button\">VER M\u00c1S<\/span><\/div><\/div><\/div><\/a>[\/vc_column][vc_column width=\u00bb1\/2&#8243;]<style>.vcex-image-banner.vcex_6a0315cd1daa6 .vcex-ib-content-wrap{padding-block:50px;}.vcex-image-banner.vcex_6a0315cd1daa6 .vcex-ib-overlay-bg{opacity:0.35;}.vcex-image-banner.vcex_6a0315cd1daa6 .vcex-ib-title{padding-block-end:50px;}.vcex-image-banner.vcex_6a0315cd1daa6 .vcex-ib-caption{font-family:'Open Sans', sans-serif;font-size:16px;}.vcex-image-banner.vcex_6a0315cd1daa6 .vcex-ib-button-inner{font-family:'Open Sans', sans-serif;font-weight:600;background:#ff7800;color:#ffffff;}.vcex-image-banner.vcex_6a0315cd1daa6 .vcex-ib-button-inner:hover{background:#e66c00;color:#ffffff;}<\/style><a class=\"vcex-module vcex-image-banner vcex-image-banner-has-link wpex-no-underline wpex-flex wpex-flex-col wpex-w-100 wpex-justify-center wpex-relative wpex-overflow-hidden wpex-bg-gray-900 wpex-text-white wpex-hover-text-white wpex-text-center vcex-h-zoom wpex-isolate vcex-has-button equal-height-content vcex_6a0315cd1daa6\" href=\"https:\/\/www.orangeholidayhousing.com\/accommodation-category\/oasis-es\/?lang=es\"><span class=\"vcex-ib-img wpex-block wpex-transition-all wpex-duration-500 wpex-bg-cover wpex-absolute wpex-inset-0\" style=\"background-image:url(https:\/\/www.orangeholidayhousing.com\/wp-content\/uploads\/2019\/11\/OasisBeach.jpeg);\"><\/span><div class=\"vcex-ib-overlay wpex-absolute wpex-inset-0 wpex-transition-all wpex-duration-500\"><div class=\"vcex-ib-overlay-bg wpex-absolute wpex-inset-0 wpex-bg-black wpex-opacity-30\"><\/div><\/div><div class=\"vcex-ib-content-wrap wpex-w-100 wpex-transition-all wpex-duration-500 wpex-py-100 wpex-px-40 wpex-relative\"><div class=\"vcex-ib-content wpex-mx-auto\"><h2 class=\"vcex-ib-title wpex-heading wpex-inherit-color-important\">Oasis Beach<\/h2><div class=\"vcex-ib-button\"><span class=\"vcex-ib-button-inner theme-button\">VER M\u00c1S<\/span><\/div><\/div><\/div><\/a>[\/vc_column][\/vc_row][vc_row equal_height=\u00bbyes\u00bb bg_style=\u00bbstretch\u00bb video_bg_overlay=\u00bbnone\u00bb][vc_column width=\u00bb1\/2&#8243;]<style>.vcex-image-banner.vcex_6a0315cd1ed62 .vcex-ib-content-wrap{padding-block:50px;}.vcex-image-banner.vcex_6a0315cd1ed62 .vcex-ib-overlay-bg{opacity:0.35;}.vcex-image-banner.vcex_6a0315cd1ed62 .vcex-ib-title{padding-block-end:50px;}.vcex-image-banner.vcex_6a0315cd1ed62 .vcex-ib-caption{font-family:'Open Sans', sans-serif;font-size:16px;}.vcex-image-banner.vcex_6a0315cd1ed62 .vcex-ib-button-inner{font-family:'Open Sans', sans-serif;font-weight:600;background:#ff7800;color:#ffffff;}.vcex-image-banner.vcex_6a0315cd1ed62 .vcex-ib-button-inner:hover{background:#e66c00;color:#ffffff;}<\/style><a class=\"vcex-module vcex-image-banner vcex-image-banner-has-link wpex-no-underline wpex-flex wpex-flex-col wpex-w-100 wpex-justify-center wpex-relative wpex-overflow-hidden wpex-bg-gray-900 wpex-text-white wpex-hover-text-white wpex-text-center vcex-h-zoom wpex-isolate vcex-has-button equal-height-content vcex_6a0315cd1ed62\" href=\"https:\/\/www.orangeholidayhousing.com\/accommodation-category\/zenia-es\/?lang=es\"><span class=\"vcex-ib-img wpex-block wpex-transition-all wpex-duration-500 wpex-bg-cover wpex-absolute wpex-inset-0\" style=\"background-image:url(https:\/\/www.orangeholidayhousing.com\/wp-content\/uploads\/2019\/11\/ZeniaBeach.jpeg);\"><\/span><div class=\"vcex-ib-overlay wpex-absolute wpex-inset-0 wpex-transition-all wpex-duration-500\"><div class=\"vcex-ib-overlay-bg wpex-absolute wpex-inset-0 wpex-bg-black wpex-opacity-30\"><\/div><\/div><div class=\"vcex-ib-content-wrap wpex-w-100 wpex-transition-all wpex-duration-500 wpex-py-100 wpex-px-40 wpex-relative\"><div class=\"vcex-ib-content wpex-mx-auto\"><h2 class=\"vcex-ib-title wpex-heading wpex-inherit-color-important\">Zenia Beach<\/h2><div class=\"vcex-ib-button\"><span class=\"vcex-ib-button-inner theme-button\">VER M\u00c1S<\/span><\/div><\/div><\/div><\/a>[\/vc_column][vc_column width=\u00bb1\/2&#8243;]<style>.vcex-image-banner.vcex_6a0315cd1fced .vcex-ib-content-wrap{padding-block:50px;}.vcex-image-banner.vcex_6a0315cd1fced .vcex-ib-overlay-bg{opacity:0.35;}.vcex-image-banner.vcex_6a0315cd1fced .vcex-ib-title{padding-block-end:50px;}.vcex-image-banner.vcex_6a0315cd1fced .vcex-ib-caption{font-family:'Open Sans', sans-serif;font-size:16px;}.vcex-image-banner.vcex_6a0315cd1fced .vcex-ib-button-inner{font-family:'Open Sans', sans-serif;font-weight:600;background:#ff7800;color:#ffffff;}.vcex-image-banner.vcex_6a0315cd1fced .vcex-ib-button-inner:hover{background:#e66c00;color:#ffffff;}<\/style><a class=\"vcex-module vcex-image-banner vcex-image-banner-has-link wpex-no-underline wpex-flex wpex-flex-col wpex-w-100 wpex-justify-center wpex-relative wpex-overflow-hidden wpex-bg-gray-900 wpex-text-white wpex-hover-text-white wpex-text-center vcex-h-zoom wpex-isolate vcex-has-button equal-height-content vcex_6a0315cd1fced\" href=\"https:\/\/www.orangeholidayhousing.com\/accommodation-category\/villamartin-es\/?lang=es\"><span class=\"vcex-ib-img wpex-block wpex-transition-all wpex-duration-500 wpex-bg-cover wpex-absolute wpex-inset-0\" style=\"background-image:url(https:\/\/www.orangeholidayhousing.com\/wp-content\/uploads\/2019\/11\/VillamartinsGartens.jpeg);\"><\/span><div class=\"vcex-ib-overlay wpex-absolute wpex-inset-0 wpex-transition-all wpex-duration-500\"><div class=\"vcex-ib-overlay-bg wpex-absolute wpex-inset-0 wpex-bg-black wpex-opacity-30\"><\/div><\/div><div class=\"vcex-ib-content-wrap wpex-w-100 wpex-transition-all wpex-duration-500 wpex-py-100 wpex-px-40 wpex-relative\"><div class=\"vcex-ib-content wpex-mx-auto\"><h2 class=\"vcex-ib-title wpex-heading wpex-inherit-color-important\">Villamartin Gardens<\/h2><div class=\"vcex-ib-button\"><span class=\"vcex-ib-button-inner theme-button\">VER M\u00c1S<\/span><\/div><\/div><\/div><\/a>[\/vc_column][\/vc_row][vc_row][vc_column][vc_column_text]Torrevieja es una ciudad de tama\u00f1o medio en el lado sur de la Costa Blanca en la provincia de Alicante (50 km al sur de la ciudad de Alicante) con un puerto precioso y un bulevar largo y agradable que conduce a un muelle de 1,6 kil\u00f3metros.<\/p>\n<p>En Torrevieja no solo se puede disfrutar de las bonitas playas, sino tambi\u00e9n de los lagos de sal que se encuentran en la zona. Dos de estos lagos son los m\u00e1s grandes de Europa. Uno de ellos es de color rosa y el otro de color verde. Estos lagos traen grandes beneficios para la piel y la salud. Se trata de un spa al aire libre de entrada gratuita que puede ser especialmente atractivo para las personas que padecen enfermedades de la piel, pero es un lugar perfecto para todo el mundo que quiera relajarse y recrearse.<\/p>\n<p>Adem\u00e1s, hay diversos campos de golf en la cercan\u00eda que atrae a los aficionados al golf de toda Europa.<br \/>\n[\/vc_column_text][\/vc_column][\/vc_row][vc_row full_width=\u00bbstretch_row_content_no_spaces\u00bb parallax=\u00bbvcex_parallax\u00bb parallax_image=\u00bb6479&#8243; parallax_style=\u00bbfixed-repeat\u00bb wpex_bg_overlay=\u00bbdark\u00bb bg_style=\u00bbstretch\u00bb css=\u00bb.vc_custom_1575550709881{background-position: center;background-repeat: no-repeat !important;background-size: cover !important;}\u00bb wpex_bg_overlay_opacity=\u00bb0.20&#8243; parallax_speed=\u00bb0.1&#8243;][vc_column]<div class=\"vcex-spacing wpex-w-100 wpex-clear\" style=\"height:50px;\"><\/div><style>.vcex-heading.vcex_6a0315cd20e8b{color:#ffffff;font-size:24px;font-family:'Open Sans', sans-serif;font-weight:800;}<\/style><div class=\"vcex-heading vcex-heading-plain vcex-module wpex-heading wpex-text-2xl wpex-div wpex-text-center vc_custom_1576234806457 vcex_6a0315cd20e8b\"><span class=\"vcex-heading-inner wpex-inline-block\">Ofrecemos diversos alojamientos<\/span><\/div><style>.vcex-button.vcex_6a0315cd2189e{border-radius:20px;background:#92b800;color:#ffffff!important;padding-inline:32px;font-family:'Open Sans', sans-serif;font-size:16px;font-weight:600;text-transform:uppercase;}.vcex-button.vcex_6a0315cd2189e:hover{background:#ffffff!important;color:#92b800!important;}<\/style><div class=\"theme-button-wrap textcenter wpex-clr\"><a href=\"https:\/\/www.orangeholidayhousing.com\/accommodation-category\/todas-las-categorias\/?lang=es\" class=\"vcex-button theme-button align-center inline vcex_6a0315cd2189e\"><span class=\"vcex-button-inner theme-button-inner wpex-flex wpex-flex-wrap wpex-items-center wpex-justify-center\">VER NUESTROS ALOJAMIENTOS <\/span><\/a><\/div> <div class=\"vcex-spacing wpex-w-100 wpex-clear\" style=\"height:50px;\"><\/div>[\/vc_column][\/vc_row][vc_row css=\u00bb.vc_custom_1572445128107{padding-top: 5% !important;}\u00bb][vc_column][vc_column_text]Se dice que la Costa Blanca tiene el mejor clima y el m\u00e1s saludable de Europa. Adem\u00e1s de los lagos de sal alrededor de Torrevieja, la regi\u00f3n cuenta con m\u00e1s de 300 d\u00edas de sol al a\u00f1o, una humedad baja y una temperatura m\u00e1xima que en invierno no baja de los 16 grados y que en verano no suele exceder los 32 grados. Pero Torrevieja es m\u00e1s que sol y playa. Adem\u00e1s de las otras ciudades cercanas (a los 60 kil\u00f3metros se sit\u00faan Alicante, Elche, Cartagena y Murcia), se pueden visitar varios pueblos espa\u00f1oles aut\u00e9nticos.<\/p>\n<p>Otro sitio de inter\u00e9s es el centro comercial y de entretenimiento La Zenia Boulevard, situado a 7 kil\u00f3metros de Torrevieja. Bajo la pesta\u00f1a \u201cEntorno\u201d se puede encontrar m\u00e1s informaci\u00f3n sobre estos lugares.<\/p>\n<p>Orange Holiday Housing ofrece tambi\u00e9n la posibilidad de pasar el invierno en nuestro suave clima mediterr\u00e1neo. Si nos comunica sus deseos (o la vivienda de su elecci\u00f3n), nos encargaremos de encontrarle la opci\u00f3n perfecta. Si viaja en avi\u00f3n, los aeropuertos m\u00e1s cercanos son Alicante y Murcia-San Javier. Los dos aeropuertos se encuentran a aproximadamente 50 kil\u00f3metros de Torrevieja.<\/p>\n<p>Orange Holiday Housing representa el buen servicio y la libertad. Nuestro objetivo es darles a nuestros hu\u00e9spedes unas vacaciones c\u00f3modas y despreocupadas. Puede llegar y salir en cualquier d\u00eda de la semana. No hay una estancia m\u00ednima. Estamos encantados de organizar un coche o bicicleta(s) de alquiler para usted y organizar el transporte hasta y desde el aeropuerto. Adem\u00e1s, estamos a su disposici\u00f3n para responder preguntas 7 d\u00edas a la semana. En el caso de que desee utilizar nuestro servicio de transfer del aeropuerto o el alquiler de coches o bicicletas, h\u00e1ganoslo saber con antelaci\u00f3n.<br \/>\n[\/vc_column_text][\/vc_column][\/vc_row][vc_row][vc_column][vc_separator][\/vc_column][\/vc_row][vc_row][vc_column width=\u00bb2\/3&#8243;]<h2 class=\"vcex-heading vcex-heading-plain vcex-module wpex-heading wpex-text-2xl wpex-h2 vc_custom_1576234900442 equal-height-content\"><span class=\"vcex-heading-inner wpex-inline-block\">Desea reservar directamente u obtener m\u00e1s informaci\u00f3n?<\/span><\/h2>[\/vc_column][vc_column width=\u00bb1\/3&#8243;]<style>.vcex-button.vcex_6a0315cd237bd{font-family:'Open Sans', sans-serif;font-size:20px;font-weight:500;}<\/style><div class=\"vc_custom_1576850312102 wpex-clr\"><a href=\"https:\/\/www.orangeholidayhousing.com\/contact\/?lang=es\" class=\"vcex-button theme-button inline equal-height-content vcex_6a0315cd237bd\"><span class=\"vcex-button-inner theme-button-inner wpex-flex wpex-flex-wrap wpex-items-center wpex-justify-center\">Contacto<\/span><\/a><\/div> [\/vc_column][\/vc_row][vc_row][vc_column][vc_separator][\/vc_column][\/vc_row]\n<\/div>","protected":false},"excerpt":{"rendered":"<p>[vc_row column_spacing=\u00bb40&#8243; bg_style=\u00bbstretch\u00bb css=\u00bb.vc_custom_1534878360542{padding-bottom: 30px !important;}\u00bb][vc_column][vc_column_text]Orange Holiday Housing ofrece residencias vacacionales y equipamientos en el estilo t\u00edpico del noroeste de Europa, pero bajo el sol y entre los campos de naranjos de Espa\u00f1a. Con nuestra oferta respondemos a la creciente demanda de las comodidades del hogar durante las vacaciones. Orange Holiday Housing est\u00e1 situado en&hellip;<\/p>\n","protected":false},"author":2,"featured_media":0,"parent":0,"menu_order":0,"comment_status":"closed","ping_status":"closed","template":"","meta":{"ngg_post_thumbnail":0,"footnotes":""},"class_list":["post-6668","page","type-page","status-publish","hentry","entry","no-media"],"yoast_head":"<!-- This site is optimized with the Yoast SEO plugin v25.2 - https:\/\/yoast.com\/wordpress\/plugins\/seo\/ -->\n<title>Inicio - Orange Holiday Housing<\/title>\n<meta name=\"robots\" content=\"index, follow, max-snippet:-1, max-image-preview:large, max-video-preview:-1\" \/>\n<link rel=\"canonical\" href=\"https:\/\/www.orangeholidayhousing.com\/es\/\" \/>\n<meta property=\"og:locale\" content=\"es_ES\" \/>\n<meta property=\"og:type\" content=\"article\" \/>\n<meta property=\"og:title\" content=\"Inicio - Orange Holiday Housing\" \/>\n<meta property=\"og:description\" content=\"[vc_row column_spacing=\u00bb40&#8243; bg_style=\u00bbstretch\u00bb css=\u00bb.vc_custom_1534878360542{padding-bottom: 30px !important;}\u00bb][vc_column][vc_column_text]Orange Holiday Housing ofrece residencias vacacionales y equipamientos en el estilo t\u00edpico del noroeste de Europa, pero bajo el sol y entre los campos de naranjos de Espa\u00f1a. Con nuestra oferta respondemos a la creciente demanda de las comodidades del hogar durante las vacaciones. Orange Holiday Housing est\u00e1 situado en&hellip;\" \/>\n<meta property=\"og:url\" content=\"https:\/\/www.orangeholidayhousing.com\/es\/\" \/>\n<meta property=\"og:site_name\" content=\"Orange Holiday Housing\" \/>\n<meta property=\"article:modified_time\" content=\"2020-03-22T12:42:20+00:00\" \/>\n<meta name=\"twitter:card\" content=\"summary_large_image\" \/>\n<meta name=\"twitter:label1\" content=\"Tiempo de lectura\" \/>\n\t<meta name=\"twitter:data1\" content=\"6 minutos\" \/>\n<script type=\"application\/ld+json\" class=\"yoast-schema-graph\">{\"@context\":\"https:\/\/schema.org\",\"@graph\":[{\"@type\":\"WebPage\",\"@id\":\"https:\/\/www.orangeholidayhousing.com\/es\/\",\"url\":\"https:\/\/www.orangeholidayhousing.com\/es\/\",\"name\":\"Inicio - Orange Holiday Housing\",\"isPartOf\":{\"@id\":\"https:\/\/www.orangeholidayhousing.com\/#website\"},\"datePublished\":\"2018-05-26T02:10:02+00:00\",\"dateModified\":\"2020-03-22T12:42:20+00:00\",\"breadcrumb\":{\"@id\":\"https:\/\/www.orangeholidayhousing.com\/es\/#breadcrumb\"},\"inLanguage\":\"es\",\"potentialAction\":[{\"@type\":\"ReadAction\",\"target\":[\"https:\/\/www.orangeholidayhousing.com\/es\/\"]}]},{\"@type\":\"BreadcrumbList\",\"@id\":\"https:\/\/www.orangeholidayhousing.com\/es\/#breadcrumb\",\"itemListElement\":[{\"@type\":\"ListItem\",\"position\":1,\"name\":\"Home\",\"item\":\"https:\/\/www.orangeholidayhousing.com\/es\/\"},{\"@type\":\"ListItem\",\"position\":2,\"name\":\"Inicio\"}]},{\"@type\":\"WebSite\",\"@id\":\"https:\/\/www.orangeholidayhousing.com\/#website\",\"url\":\"https:\/\/www.orangeholidayhousing.com\/\",\"name\":\"Orange Holiday Housing\",\"description\":\"Orange Holiday Housing website\",\"publisher\":{\"@id\":\"https:\/\/www.orangeholidayhousing.com\/#organization\"},\"potentialAction\":[{\"@type\":\"SearchAction\",\"target\":{\"@type\":\"EntryPoint\",\"urlTemplate\":\"https:\/\/www.orangeholidayhousing.com\/?s={search_term_string}\"},\"query-input\":{\"@type\":\"PropertyValueSpecification\",\"valueRequired\":true,\"valueName\":\"search_term_string\"}}],\"inLanguage\":\"es\"},{\"@type\":\"Organization\",\"@id\":\"https:\/\/www.orangeholidayhousing.com\/#organization\",\"name\":\"Orange Holiday Housing\",\"url\":\"https:\/\/www.orangeholidayhousing.com\/\",\"logo\":{\"@type\":\"ImageObject\",\"inLanguage\":\"es\",\"@id\":\"https:\/\/www.orangeholidayhousing.com\/#\/schema\/logo\/image\/\",\"url\":\"https:\/\/www.orangeholidayhousing.com\/wp-content\/uploads\/2019\/10\/Logo.png\",\"contentUrl\":\"https:\/\/www.orangeholidayhousing.com\/wp-content\/uploads\/2019\/10\/Logo.png\",\"width\":250,\"height\":100,\"caption\":\"Orange Holiday Housing\"},\"image\":{\"@id\":\"https:\/\/www.orangeholidayhousing.com\/#\/schema\/logo\/image\/\"}}]}<\/script>\n<!-- \/ Yoast SEO plugin. -->","yoast_head_json":{"title":"Inicio - Orange Holiday Housing","robots":{"index":"index","follow":"follow","max-snippet":"max-snippet:-1","max-image-preview":"max-image-preview:large","max-video-preview":"max-video-preview:-1"},"canonical":"https:\/\/www.orangeholidayhousing.com\/es\/","og_locale":"es_ES","og_type":"article","og_title":"Inicio - Orange Holiday Housing","og_description":"[vc_row column_spacing=\u00bb40&#8243; bg_style=\u00bbstretch\u00bb css=\u00bb.vc_custom_1534878360542{padding-bottom: 30px !important;}\u00bb][vc_column][vc_column_text]Orange Holiday Housing ofrece residencias vacacionales y equipamientos en el estilo t\u00edpico del noroeste de Europa, pero bajo el sol y entre los campos de naranjos de Espa\u00f1a. Con nuestra oferta respondemos a la creciente demanda de las comodidades del hogar durante las vacaciones. Orange Holiday Housing est\u00e1 situado en&hellip;","og_url":"https:\/\/www.orangeholidayhousing.com\/es\/","og_site_name":"Orange Holiday Housing","article_modified_time":"2020-03-22T12:42:20+00:00","twitter_card":"summary_large_image","twitter_misc":{"Tiempo de lectura":"6 minutos"},"schema":{"@context":"https:\/\/schema.org","@graph":[{"@type":"WebPage","@id":"https:\/\/www.orangeholidayhousing.com\/es\/","url":"https:\/\/www.orangeholidayhousing.com\/es\/","name":"Inicio - Orange Holiday Housing","isPartOf":{"@id":"https:\/\/www.orangeholidayhousing.com\/#website"},"datePublished":"2018-05-26T02:10:02+00:00","dateModified":"2020-03-22T12:42:20+00:00","breadcrumb":{"@id":"https:\/\/www.orangeholidayhousing.com\/es\/#breadcrumb"},"inLanguage":"es","potentialAction":[{"@type":"ReadAction","target":["https:\/\/www.orangeholidayhousing.com\/es\/"]}]},{"@type":"BreadcrumbList","@id":"https:\/\/www.orangeholidayhousing.com\/es\/#breadcrumb","itemListElement":[{"@type":"ListItem","position":1,"name":"Home","item":"https:\/\/www.orangeholidayhousing.com\/es\/"},{"@type":"ListItem","position":2,"name":"Inicio"}]},{"@type":"WebSite","@id":"https:\/\/www.orangeholidayhousing.com\/#website","url":"https:\/\/www.orangeholidayhousing.com\/","name":"Orange Holiday Housing","description":"Orange Holiday Housing website","publisher":{"@id":"https:\/\/www.orangeholidayhousing.com\/#organization"},"potentialAction":[{"@type":"SearchAction","target":{"@type":"EntryPoint","urlTemplate":"https:\/\/www.orangeholidayhousing.com\/?s={search_term_string}"},"query-input":{"@type":"PropertyValueSpecification","valueRequired":true,"valueName":"search_term_string"}}],"inLanguage":"es"},{"@type":"Organization","@id":"https:\/\/www.orangeholidayhousing.com\/#organization","name":"Orange Holiday Housing","url":"https:\/\/www.orangeholidayhousing.com\/","logo":{"@type":"ImageObject","inLanguage":"es","@id":"https:\/\/www.orangeholidayhousing.com\/#\/schema\/logo\/image\/","url":"https:\/\/www.orangeholidayhousing.com\/wp-content\/uploads\/2019\/10\/Logo.png","contentUrl":"https:\/\/www.orangeholidayhousing.com\/wp-content\/uploads\/2019\/10\/Logo.png","width":250,"height":100,"caption":"Orange Holiday Housing"},"image":{"@id":"https:\/\/www.orangeholidayhousing.com\/#\/schema\/logo\/image\/"}}]}},"_links":{"self":[{"href":"https:\/\/www.orangeholidayhousing.com\/es\/wp-json\/wp\/v2\/pages\/6668","targetHints":{"allow":["GET"]}}],"collection":[{"href":"https:\/\/www.orangeholidayhousing.com\/es\/wp-json\/wp\/v2\/pages"}],"about":[{"href":"https:\/\/www.orangeholidayhousing.com\/es\/wp-json\/wp\/v2\/types\/page"}],"author":[{"embeddable":true,"href":"https:\/\/www.orangeholidayhousing.com\/es\/wp-json\/wp\/v2\/users\/2"}],"replies":[{"embeddable":true,"href":"https:\/\/www.orangeholidayhousing.com\/es\/wp-json\/wp\/v2\/comments?post=6668"}],"version-history":[{"count":6,"href":"https:\/\/www.orangeholidayhousing.com\/es\/wp-json\/wp\/v2\/pages\/6668\/revisions"}],"predecessor-version":[{"id":106008,"href":"https:\/\/www.orangeholidayhousing.com\/es\/wp-json\/wp\/v2\/pages\/6668\/revisions\/106008"}],"wp:attachment":[{"href":"https:\/\/www.orangeholidayhousing.com\/es\/wp-json\/wp\/v2\/media?parent=6668"}],"curies":[{"name":"wp","href":"https:\/\/api.w.org\/{rel}","templated":true}]}}