{"id":6674,"date":"2019-10-30T11:21:57","date_gmt":"2019-10-30T10:21:57","guid":{"rendered":"https:\/\/www.orangeholidayhousing.com\/uw-woning-verhuren\/"},"modified":"2019-12-24T13:34:42","modified_gmt":"2019-12-24T12:34:42","slug":"uw-woning-verhuren","status":"publish","type":"page","link":"https:\/\/www.orangeholidayhousing.com\/es\/uw-woning-verhuren\/","title":{"rendered":"Alquilar su vivienda"},"content":{"rendered":"<div class=\"wpb-content-wrapper\">[vc_row][vc_column]<h1 class=\"vcex-heading vcex-heading-plain vcex-module wpex-heading wpex-text-2xl wpex-h1\"><span class=\"vcex-heading-inner wpex-inline-block\">Alquilar su vivienda<\/span><\/h1>[vc_column_text]\u00bfDesea alquilar su vivienda en Torrevieja o en el entorno por Orange Holiday Housing \u00a1Excelente elecci\u00f3n!<\/p>\n<p>Orange Holiday Housing representa el buen servicio y la libertad. Usted elige los servicios que desee. Tenemos tres paquetes por defecto. Si desea un servicio que no se incluya en uno de los paquetes o si necesita ayuda incidentalmente, no dude en contactarnos. Somos muy flexibles y (casi) todo es posible.<\/p>\n<p>Dependiendo de su elecci\u00f3n, tambi\u00e9n gestionamos todo el proceso de reserva y el contacto con los hu\u00e9spedes, tambi\u00e9n antes y despu\u00e9s de la estancia. Usted tiene el control completo en este proceso. \u00bfPrefiere que solo se alojen hu\u00e9spedes invitados por usted mismo? No hay problema. \u00bfPrefiere que nosotros nos encarguemos de las reservas? Tampoco hay problema. Y, por supuesto, tiene a su disposici\u00f3n su vivienda cuando lo desee. Un correo electr\u00f3nico, un mensaje por WhatsApp o una llamada es suficiente. Adem\u00e1s, usted establece el precio de alquiler y las condiciones. Por supuesto le asesoraremos en este proceso.<\/p>\n<p>Cuando organizamos la limpieza para usted, dejaremos la vivienda impecable. Nos importa mucho la limpieza. Nuestro servicio de limpieza incluye tambi\u00e9n lavar las toallas y la ropa de cama, adem\u00e1s de hacer las camas.<\/p>\n<p>En cada check in, tenemos el tiempo para explicar c\u00f3mo funciona su vivienda. Es agradable para los hu\u00e9spedes y de esta forma se previene el uso equivocado de la vivienda o sus equipamientos. Tambi\u00e9n proporcionamos informaci\u00f3n sobre el entorno y ofrecimos una carpeta de informaci\u00f3n en 4 lenguas. Preferentemente nos encargamos del check out personalmente. En el caso de que esto no sea posible, iremos lo m\u00e1s pronto posible despu\u00e9s de la salida de los hu\u00e9spedes a la vivienda para llevar a cabo una inspecci\u00f3n. Le informamos acerca de los resultados y le aconsejaremos acerca de la restituci\u00f3n de la fianza. Si sus hu\u00e9spedes desean utilizar el servicio de transfer hasta o desde el aeropuerto, nos encanta ayudar. Una ida hasta o desde el aeropuerto de Alicante cuesta \u20ac50,- y el aeropuerto de Murcia-San Javier \u20ac40,-. Si sus hu\u00e9spedes desean alquilar un coche, una bicicleta o un barco, tambi\u00e9n estamos encantados para ayudar. Adem\u00e1s, nos ponemos a su disposici\u00f3n 7 d\u00edas a la semana para preguntas y 24\/7 en casos de emergencia.<\/p>\n<p>Como propietario de una casa puede contar con Orange Holiday Housing 365 d\u00edas al a\u00f1o.<\/p>\n<p>\u00bfLe interesa saber m\u00e1s? Nos puede contactar por correo electr\u00f3nico, tel\u00e9fono, WhatsApp y personalmente en Espa\u00f1a o los Pa\u00edses Bajos.<\/p>\n[\/vc_column_text][\/vc_column][\/vc_row][vc_row gap=\u00bb20&#8243; remove_bottom_col_margin=\u00bbtrue\u00bb][vc_column width=\u00bb1\/3&#8243; css=\u00bb.vc_custom_1576240091971{padding-top: 15px !important;padding-bottom: 0px !important;background-color: #f6f6f6 !important;}\u00bb]<h2 class=\"vcex-heading vcex-heading-plain vcex-module wpex-heading wpex-text-2xl wpex-h2 wpex-text-center vc_custom_1577190800690\"><span class=\"vcex-heading-inner wpex-inline-block\">Orange Rentals<\/span><\/h2><style>.vcex-heading.vcex_69f2b1286ad86{color:#666666;font-size:16px;font-family:'Open Sans', sans-serif;font-weight:700;}<\/style><div class=\"vcex-heading vcex-heading-plain vcex-module wpex-heading wpex-text-2xl wpex-div wpex-text-center vcex_69f2b1286ad86\"><span class=\"vcex-heading-inner wpex-inline-block\">El 15% del precio de alquiler<\/span><\/div>[vc_separator css=\u00bb.vc_custom_1575551642001{padding-top: 3% !important;}\u00bb]<div class=\"vcex-spacing wpex-w-100 wpex-clear\" style=\"height:15px;\"><\/div><div class=\"vcex-module vcex-bullets vcex-bullets--vertical custom-icon\">\n<ul role=\"list\">\n<li><div class=\"vcex-bullets-ci-wrap wpex-inline-flex\"><span class=\"vcex-bullets-icon-wrap vcex-icon-wrap wpex-mr-10\"><span class=\"vcex-bullets-icon vcex-icon fa fa-info-circle\" aria-hidden=\"true\"><\/span><\/span><div class=\"vcex-content wpex-flex-grow\">Todo el proceso de la reserva y el contacto con sus hu\u00e9spedes antes, durante y despu\u00e9s de la estancia<\/div><\/div><\/li>\n<li><div class=\"vcex-bullets-ci-wrap wpex-inline-flex\"><span class=\"vcex-bullets-icon-wrap vcex-icon-wrap wpex-mr-10\"><span class=\"vcex-bullets-icon vcex-icon fa fa-info-circle\" aria-hidden=\"true\"><\/span><\/span><div class=\"vcex-content wpex-flex-grow\">Menci\u00f3n de su vivienda en www.orangeholidayhousing.com y la p\u00e1gina de Facebook de Orange Holiday Housing (si lo desea)<\/div><\/div><\/li>\n<li><div class=\"vcex-bullets-ci-wrap wpex-inline-flex\"><span class=\"vcex-bullets-icon-wrap vcex-icon-wrap wpex-mr-10\"><span class=\"vcex-bullets-icon vcex-icon fa fa-info-circle\" aria-hidden=\"true\"><\/span><\/span><div class=\"vcex-content wpex-flex-grow\">Menci\u00f3n de su vivienda en plataformas de alquiler como Micaz\u00fa, AirBnB, booking.com y similares por precio de coste (si lo desea)<\/div><\/div><\/li>\n<li><div class=\"vcex-bullets-ci-wrap wpex-inline-flex\"><span class=\"vcex-bullets-icon-wrap vcex-icon-wrap wpex-mr-10\"><span class=\"vcex-bullets-icon vcex-icon fa fa-info-circle\" aria-hidden=\"true\"><\/span><\/span><div class=\"vcex-content wpex-flex-grow\">Recaudaci\u00f3n del alquiler<\/div><\/div><\/li>\n<li><div class=\"vcex-bullets-ci-wrap wpex-inline-flex\"><span class=\"vcex-bullets-icon-wrap vcex-icon-wrap wpex-mr-10\"><span class=\"vcex-bullets-icon vcex-icon fa fa-info-circle\" aria-hidden=\"true\"><\/span><\/span><div class=\"vcex-content wpex-flex-grow\">Recoger, gestionar y reembolsar la fianza<\/div><\/div><\/li>\n<\/ul>\n<\/div>[\/vc_column][vc_column width=\u00bb1\/3&#8243; css=\u00bb.vc_custom_1576240105179{padding-top: 15px !important;background-color: #f6f6f6 !important;}\u00bb]<h2 class=\"vcex-heading vcex-heading-plain vcex-module wpex-heading wpex-text-2xl wpex-h2 wpex-text-center vc_custom_1576239433409\"><span class=\"vcex-heading-inner wpex-inline-block\">Orange keyholding<\/span><\/h2><style>.vcex-heading.vcex_69f2b1286d107{color:#666666;font-size:16px;font-family:'Open Sans', sans-serif;font-weight:700;}<\/style><div class=\"vcex-heading vcex-heading-plain vcex-module wpex-heading wpex-text-2xl wpex-div wpex-text-center vcex_69f2b1286d107\"><span class=\"vcex-heading-inner wpex-inline-block\">Precio personalizado para su propiedad<\/span><\/div>[vc_separator css=\u00bb.vc_custom_1575551642001{padding-top: 3% !important;}\u00bb]<div class=\"vcex-spacing wpex-w-100 wpex-clear\" style=\"height:15px;\"><\/div><div class=\"vcex-module vcex-bullets vcex-bullets--vertical custom-icon\">\n<ul role=\"list\">\n<li><div class=\"vcex-bullets-ci-wrap wpex-inline-flex\"><span class=\"vcex-bullets-icon-wrap vcex-icon-wrap wpex-mr-10\"><span class=\"vcex-bullets-icon vcex-icon fa fa-info-circle\" aria-hidden=\"true\"><\/span><\/span><div class=\"vcex-content wpex-flex-grow\">Check in con explicaciones sobre la vivienda y el entorno incluidas<\/div><\/div><\/li>\n<li><div class=\"vcex-bullets-ci-wrap wpex-inline-flex\"><span class=\"vcex-bullets-icon-wrap vcex-icon-wrap wpex-mr-10\"><span class=\"vcex-bullets-icon vcex-icon fa fa-info-circle\" aria-hidden=\"true\"><\/span><\/span><div class=\"vcex-content wpex-flex-grow\">Accesible por sus hu\u00e9spedes durante la estancia<\/div><\/div><\/li>\n<li><div class=\"vcex-bullets-ci-wrap wpex-inline-flex\"><span class=\"vcex-bullets-icon-wrap vcex-icon-wrap wpex-mr-10\"><span class=\"vcex-bullets-icon vcex-icon fa fa-info-circle\" aria-hidden=\"true\"><\/span><\/span><div class=\"vcex-content wpex-flex-grow\">Carpeta de informaci\u00f3n (compuesta por nosotros, de acuerdo con usted y con la posibilidad de incluir recomendaciones propias por parte de usted)<\/div><\/div><\/li>\n<li><div class=\"vcex-bullets-ci-wrap wpex-inline-flex\"><span class=\"vcex-bullets-icon-wrap vcex-icon-wrap wpex-mr-10\"><span class=\"vcex-bullets-icon vcex-icon fa fa-info-circle\" aria-hidden=\"true\"><\/span><\/span><div class=\"vcex-content wpex-flex-grow\">Check out, con inspecci\u00f3n de la vivienda incluida<\/div><\/div><\/li>\n<li><div class=\"vcex-bullets-ci-wrap wpex-inline-flex\"><span class=\"vcex-bullets-icon-wrap vcex-icon-wrap wpex-mr-10\"><span class=\"vcex-bullets-icon vcex-icon fa fa-info-circle\" aria-hidden=\"true\"><\/span><\/span><div class=\"vcex-content wpex-flex-grow\">Limpieza final y lavar y cambiar la ropa de cama y las toallas<\/div><\/div><\/li>\n<li><div class=\"vcex-bullets-ci-wrap wpex-inline-flex\"><span class=\"vcex-bullets-icon-wrap vcex-icon-wrap wpex-mr-10\"><span class=\"vcex-bullets-icon vcex-icon fa fa-info-circle\" aria-hidden=\"true\"><\/span><\/span><div class=\"vcex-content wpex-flex-grow\">Inspecci\u00f3n mensual de su vivienda en el caso de que est\u00e9 vac\u00eda<\/div><\/div><\/li>\n<li><div class=\"vcex-bullets-ci-wrap wpex-inline-flex\"><span class=\"vcex-bullets-icon-wrap vcex-icon-wrap wpex-mr-10\"><span class=\"vcex-bullets-icon vcex-icon fa fa-info-circle\" aria-hidden=\"true\"><\/span><\/span><div class=\"vcex-content wpex-flex-grow\">Vaciar el buz\u00f3n y si lo desea, enviarle el contenido digitalmente<\/div><\/div><\/li>\n<\/ul>\n<\/div>[\/vc_column][vc_column width=\u00bb1\/3&#8243; css=\u00bb.vc_custom_1576240114561{padding-top: 15px !important;background-color: #f6f6f6 !important;}\u00bb]<h2 class=\"vcex-heading vcex-heading-plain vcex-module wpex-heading wpex-text-2xl wpex-h2 wpex-text-center vc_custom_1576241284177\"><span class=\"vcex-heading-inner wpex-inline-block\">Secure Orange<\/span><\/h2><style>.vcex-heading.vcex_69f2b1286dfb9{color:#666666;font-size:16px;font-family:'Open Sans', sans-serif;font-weight:700;}<\/style><div class=\"vcex-heading vcex-heading-plain vcex-module wpex-heading wpex-text-2xl wpex-div wpex-text-center vcex_69f2b1286dfb9\"><span class=\"vcex-heading-inner wpex-inline-block\">\u20ac17,50 por hora (no cure no pay)<\/span><\/div>[vc_separator css=\u00bb.vc_custom_1575551642001{padding-top: 3% !important;}\u00bb]<div class=\"vcex-spacing wpex-w-100 wpex-clear\" style=\"height:15px;\"><\/div><div class=\"vcex-module vcex-bullets vcex-bullets--vertical custom-icon\">\n<ul role=\"list\">\n<li><div class=\"vcex-bullets-ci-wrap wpex-inline-flex\"><span class=\"vcex-bullets-icon-wrap vcex-icon-wrap wpex-mr-10\"><span class=\"vcex-bullets-icon vcex-icon fa fa-info-circle\" aria-hidden=\"true\"><\/span><\/span><div class=\"vcex-content wpex-flex-grow\">Coordinaci\u00f3n y vigilancia del mantenimiento (inesperado) de su vivienda<\/div><\/div><\/li>\n<li><div class=\"vcex-bullets-ci-wrap wpex-inline-flex\"><span class=\"vcex-bullets-icon-wrap vcex-icon-wrap wpex-mr-10\"><span class=\"vcex-bullets-icon vcex-icon fa fa-info-circle\" aria-hidden=\"true\"><\/span><\/span><div class=\"vcex-content wpex-flex-grow\">Le encontraremos una soluci\u00f3n a todo lo que desee<\/div><\/div><\/li>\n<li><div class=\"vcex-bullets-ci-wrap wpex-inline-flex\"><span class=\"vcex-bullets-icon-wrap vcex-icon-wrap wpex-mr-10\"><span class=\"vcex-bullets-icon vcex-icon fa fa-info-circle\" aria-hidden=\"true\"><\/span><\/span><div class=\"vcex-content wpex-flex-grow\">Encima de esta tarifa, pagar\u00e1 las facturas de tercios (materiales y reparadores). \u00a1Se llevan a cabo las reparaciones despu\u00e9s de obtener su permiso!<\/div><\/div><\/li>\n<\/ul>\n<\/div>[\/vc_column][\/vc_row][vc_row css=\u00bb.vc_custom_1575552105329{padding-top: 15px !important;}\u00bb][vc_column][vc_column_text]Prijzen exclusief BTW.[\/vc_column_text][\/vc_column][\/vc_row][vc_row][vc_column][vc_separator][\/vc_column][\/vc_row][vc_row][vc_column width=\u00bb2\/3&#8243;]<h2 class=\"vcex-heading vcex-heading-plain vcex-module wpex-heading wpex-text-2xl wpex-h2 vc_custom_1576235158134 equal-height-content\"><span class=\"vcex-heading-inner wpex-inline-block\">\u00bfQuiere saber m\u00e1s?<\/span><\/h2>[\/vc_column][vc_column width=\u00bb1\/3&#8243;]<style>.vcex-button.vcex_69f2b1286f261{font-family:'Open Sans', sans-serif;font-size:20px;font-weight:500;}<\/style><div class=\"vc_custom_1576235172897 wpex-clr\"><a href=\"https:\/\/www.orangeholidayhousing.com\/contact\/\" class=\"vcex-button theme-button inline equal-height-content vcex_69f2b1286f261\"><span class=\"vcex-button-inner theme-button-inner wpex-flex wpex-flex-wrap wpex-items-center wpex-justify-center\">Contacto<\/span><\/a><\/div> [\/vc_column][\/vc_row][vc_row][vc_column][vc_separator][\/vc_column][\/vc_row]\n<\/div>","protected":false},"excerpt":{"rendered":"<p>[vc_row][vc_column][vc_column_text]\u00bfDesea alquilar su vivienda en Torrevieja o en el entorno por Orange Holiday Housing \u00a1Excelente elecci\u00f3n! Orange Holiday Housing representa el buen servicio y la libertad. Usted elige los servicios que desee. Tenemos tres paquetes por defecto. Si desea un servicio que no se incluya en uno de los paquetes o si necesita ayuda incidentalmente,&hellip;<\/p>\n","protected":false},"author":2,"featured_media":0,"parent":0,"menu_order":0,"comment_status":"closed","ping_status":"closed","template":"templates\/no-sidebar.php","meta":{"ngg_post_thumbnail":0,"footnotes":""},"class_list":["post-6674","page","type-page","status-publish","hentry","entry","no-media"],"yoast_head":"<!-- This site is optimized with the Yoast SEO plugin v25.2 - https:\/\/yoast.com\/wordpress\/plugins\/seo\/ -->\n<title>Alquilar su vivienda - Orange Holiday Housing<\/title>\n<meta name=\"robots\" content=\"index, follow, max-snippet:-1, max-image-preview:large, max-video-preview:-1\" \/>\n<link rel=\"canonical\" href=\"https:\/\/www.orangeholidayhousing.com\/uw-woning-verhuren\/\" \/>\n<meta property=\"og:locale\" content=\"es_ES\" \/>\n<meta property=\"og:type\" content=\"article\" \/>\n<meta property=\"og:title\" content=\"Alquilar su vivienda - Orange Holiday Housing\" \/>\n<meta property=\"og:description\" content=\"[vc_row][vc_column][vc_column_text]\u00bfDesea alquilar su vivienda en Torrevieja o en el entorno por Orange Holiday Housing \u00a1Excelente elecci\u00f3n! Orange Holiday Housing representa el buen servicio y la libertad. Usted elige los servicios que desee. Tenemos tres paquetes por defecto. Si desea un servicio que no se incluya en uno de los paquetes o si necesita ayuda incidentalmente,&hellip;\" \/>\n<meta property=\"og:url\" content=\"https:\/\/www.orangeholidayhousing.com\/uw-woning-verhuren\/\" \/>\n<meta property=\"og:site_name\" content=\"Orange Holiday Housing\" \/>\n<meta property=\"article:modified_time\" content=\"2019-12-24T12:34:42+00:00\" \/>\n<meta name=\"twitter:card\" content=\"summary_large_image\" \/>\n<meta name=\"twitter:label1\" content=\"Tiempo de lectura\" \/>\n\t<meta name=\"twitter:data1\" content=\"5 minutos\" \/>\n<script type=\"application\/ld+json\" class=\"yoast-schema-graph\">{\"@context\":\"https:\/\/schema.org\",\"@graph\":[{\"@type\":\"WebPage\",\"@id\":\"https:\/\/www.orangeholidayhousing.com\/uw-woning-verhuren\/\",\"url\":\"https:\/\/www.orangeholidayhousing.com\/uw-woning-verhuren\/\",\"name\":\"Alquilar su vivienda - Orange Holiday Housing\",\"isPartOf\":{\"@id\":\"https:\/\/www.orangeholidayhousing.com\/#website\"},\"datePublished\":\"2019-10-30T10:21:57+00:00\",\"dateModified\":\"2019-12-24T12:34:42+00:00\",\"breadcrumb\":{\"@id\":\"https:\/\/www.orangeholidayhousing.com\/uw-woning-verhuren\/#breadcrumb\"},\"inLanguage\":\"es\",\"potentialAction\":[{\"@type\":\"ReadAction\",\"target\":[\"https:\/\/www.orangeholidayhousing.com\/uw-woning-verhuren\/\"]}]},{\"@type\":\"BreadcrumbList\",\"@id\":\"https:\/\/www.orangeholidayhousing.com\/uw-woning-verhuren\/#breadcrumb\",\"itemListElement\":[{\"@type\":\"ListItem\",\"position\":1,\"name\":\"Home\",\"item\":\"https:\/\/www.orangeholidayhousing.com\/es\/\"},{\"@type\":\"ListItem\",\"position\":2,\"name\":\"Alquilar su vivienda\"}]},{\"@type\":\"WebSite\",\"@id\":\"https:\/\/www.orangeholidayhousing.com\/#website\",\"url\":\"https:\/\/www.orangeholidayhousing.com\/\",\"name\":\"Orange Holiday Housing\",\"description\":\"Orange Holiday Housing website\",\"publisher\":{\"@id\":\"https:\/\/www.orangeholidayhousing.com\/#organization\"},\"potentialAction\":[{\"@type\":\"SearchAction\",\"target\":{\"@type\":\"EntryPoint\",\"urlTemplate\":\"https:\/\/www.orangeholidayhousing.com\/?s={search_term_string}\"},\"query-input\":{\"@type\":\"PropertyValueSpecification\",\"valueRequired\":true,\"valueName\":\"search_term_string\"}}],\"inLanguage\":\"es\"},{\"@type\":\"Organization\",\"@id\":\"https:\/\/www.orangeholidayhousing.com\/#organization\",\"name\":\"Orange Holiday Housing\",\"url\":\"https:\/\/www.orangeholidayhousing.com\/\",\"logo\":{\"@type\":\"ImageObject\",\"inLanguage\":\"es\",\"@id\":\"https:\/\/www.orangeholidayhousing.com\/#\/schema\/logo\/image\/\",\"url\":\"https:\/\/www.orangeholidayhousing.com\/wp-content\/uploads\/2019\/10\/Logo.png\",\"contentUrl\":\"https:\/\/www.orangeholidayhousing.com\/wp-content\/uploads\/2019\/10\/Logo.png\",\"width\":250,\"height\":100,\"caption\":\"Orange Holiday Housing\"},\"image\":{\"@id\":\"https:\/\/www.orangeholidayhousing.com\/#\/schema\/logo\/image\/\"}}]}<\/script>\n<!-- \/ Yoast SEO plugin. -->","yoast_head_json":{"title":"Alquilar su vivienda - Orange Holiday Housing","robots":{"index":"index","follow":"follow","max-snippet":"max-snippet:-1","max-image-preview":"max-image-preview:large","max-video-preview":"max-video-preview:-1"},"canonical":"https:\/\/www.orangeholidayhousing.com\/uw-woning-verhuren\/","og_locale":"es_ES","og_type":"article","og_title":"Alquilar su vivienda - Orange Holiday Housing","og_description":"[vc_row][vc_column][vc_column_text]\u00bfDesea alquilar su vivienda en Torrevieja o en el entorno por Orange Holiday Housing \u00a1Excelente elecci\u00f3n! Orange Holiday Housing representa el buen servicio y la libertad. Usted elige los servicios que desee. Tenemos tres paquetes por defecto. Si desea un servicio que no se incluya en uno de los paquetes o si necesita ayuda incidentalmente,&hellip;","og_url":"https:\/\/www.orangeholidayhousing.com\/uw-woning-verhuren\/","og_site_name":"Orange Holiday Housing","article_modified_time":"2019-12-24T12:34:42+00:00","twitter_card":"summary_large_image","twitter_misc":{"Tiempo de lectura":"5 minutos"},"schema":{"@context":"https:\/\/schema.org","@graph":[{"@type":"WebPage","@id":"https:\/\/www.orangeholidayhousing.com\/uw-woning-verhuren\/","url":"https:\/\/www.orangeholidayhousing.com\/uw-woning-verhuren\/","name":"Alquilar su vivienda - Orange Holiday Housing","isPartOf":{"@id":"https:\/\/www.orangeholidayhousing.com\/#website"},"datePublished":"2019-10-30T10:21:57+00:00","dateModified":"2019-12-24T12:34:42+00:00","breadcrumb":{"@id":"https:\/\/www.orangeholidayhousing.com\/uw-woning-verhuren\/#breadcrumb"},"inLanguage":"es","potentialAction":[{"@type":"ReadAction","target":["https:\/\/www.orangeholidayhousing.com\/uw-woning-verhuren\/"]}]},{"@type":"BreadcrumbList","@id":"https:\/\/www.orangeholidayhousing.com\/uw-woning-verhuren\/#breadcrumb","itemListElement":[{"@type":"ListItem","position":1,"name":"Home","item":"https:\/\/www.orangeholidayhousing.com\/es\/"},{"@type":"ListItem","position":2,"name":"Alquilar su vivienda"}]},{"@type":"WebSite","@id":"https:\/\/www.orangeholidayhousing.com\/#website","url":"https:\/\/www.orangeholidayhousing.com\/","name":"Orange Holiday Housing","description":"Orange Holiday Housing website","publisher":{"@id":"https:\/\/www.orangeholidayhousing.com\/#organization"},"potentialAction":[{"@type":"SearchAction","target":{"@type":"EntryPoint","urlTemplate":"https:\/\/www.orangeholidayhousing.com\/?s={search_term_string}"},"query-input":{"@type":"PropertyValueSpecification","valueRequired":true,"valueName":"search_term_string"}}],"inLanguage":"es"},{"@type":"Organization","@id":"https:\/\/www.orangeholidayhousing.com\/#organization","name":"Orange Holiday Housing","url":"https:\/\/www.orangeholidayhousing.com\/","logo":{"@type":"ImageObject","inLanguage":"es","@id":"https:\/\/www.orangeholidayhousing.com\/#\/schema\/logo\/image\/","url":"https:\/\/www.orangeholidayhousing.com\/wp-content\/uploads\/2019\/10\/Logo.png","contentUrl":"https:\/\/www.orangeholidayhousing.com\/wp-content\/uploads\/2019\/10\/Logo.png","width":250,"height":100,"caption":"Orange Holiday Housing"},"image":{"@id":"https:\/\/www.orangeholidayhousing.com\/#\/schema\/logo\/image\/"}}]}},"_links":{"self":[{"href":"https:\/\/www.orangeholidayhousing.com\/es\/wp-json\/wp\/v2\/pages\/6674","targetHints":{"allow":["GET"]}}],"collection":[{"href":"https:\/\/www.orangeholidayhousing.com\/es\/wp-json\/wp\/v2\/pages"}],"about":[{"href":"https:\/\/www.orangeholidayhousing.com\/es\/wp-json\/wp\/v2\/types\/page"}],"author":[{"embeddable":true,"href":"https:\/\/www.orangeholidayhousing.com\/es\/wp-json\/wp\/v2\/users\/2"}],"replies":[{"embeddable":true,"href":"https:\/\/www.orangeholidayhousing.com\/es\/wp-json\/wp\/v2\/comments?post=6674"}],"version-history":[{"count":8,"href":"https:\/\/www.orangeholidayhousing.com\/es\/wp-json\/wp\/v2\/pages\/6674\/revisions"}],"predecessor-version":[{"id":9975,"href":"https:\/\/www.orangeholidayhousing.com\/es\/wp-json\/wp\/v2\/pages\/6674\/revisions\/9975"}],"wp:attachment":[{"href":"https:\/\/www.orangeholidayhousing.com\/es\/wp-json\/wp\/v2\/media?parent=6674"}],"curies":[{"name":"wp","href":"https:\/\/api.w.org\/{rel}","templated":true}]}}