{"id":6680,"date":"2018-08-15T21:11:51","date_gmt":"2018-08-15T19:11:51","guid":{"rendered":"https:\/\/www.orangeholidayhousing.com\/over-ons\/"},"modified":"2024-06-19T09:58:11","modified_gmt":"2024-06-19T07:58:11","slug":"over-ons","status":"publish","type":"page","link":"https:\/\/www.orangeholidayhousing.com\/es\/over-ons\/","title":{"rendered":"Sobre nosotros"},"content":{"rendered":"<div class=\"wpb-content-wrapper\">[vc_row][vc_column width=\u00bb1\/3&#8243;][vc_single_image image=\u00bb6159&#8243;][\/vc_column][vc_column width=\u00bb2\/3&#8243;]<h1 class=\"vcex-heading vcex-heading-plain vcex-module wpex-heading wpex-text-2xl wpex-h1\"><span class=\"vcex-heading-inner wpex-inline-block\">Sobre nosotros<\/span><\/h1>[vc_column_text]Orange Holiday Housing es una marca comercial de Ten Have Real Estate S.L., fundada en 2017.<\/p>\n<p>Orange Holiday Housing trabaja exclusivamente con empresas acreditadas y de confianza, por ejemplo para la limpieza y el check in cuando no nos ponemos poner a su disposici\u00f3n personalmente.<\/p>\n<p>Mi nombre es Ineke ten Have, y como fundadora y propietaria, soy su primer contacto. Para los propietarios de viviendas soy el \u00fanico contacto.<\/p>\n<p>Soy neerlandesa y nacida en 1984. Durante y despu\u00e9s de mis estudios Schoevers y Administraci\u00f3n de Empresas en Groningen, he trabajado en diversas funciones para diferentes empresas. Desde 2012 hasta 2017, he disfrutado trabajando como jefa de administraci\u00f3n m\u00e9dica en un hospital. Adem\u00e1s, tengo una empresa que produce y comercializa mezclas de semillas de c\u00e9sped en los Pa\u00edses Bajos y en Alemania. Esta empresa es una colaboraci\u00f3n con mis padres y nuestros empleados cualificados.<\/p>\n<p>Los motivos para establecer algo en un pa\u00eds c\u00e1lido y soleado son diversos. Me gusta emprender e invertir, tengo confianza inquebrantable en el sector inmobiliario. Adem\u00e1s, el mundo de las semillas de c\u00e9sped es bastante limitado a la primavera y el oto\u00f1o, y estaba cansada del clima y del trabajo en la oficina en los Pa\u00edses Bajos. Despu\u00e9s de explorar un poco las Antillas Neerlandesas, he optado por el siempre creciente mercado tur\u00edstico e inmobiliario de la Costa Blanca para establecer mi nueva empresa.<br \/>\n[\/vc_column_text][\/vc_column][\/vc_row][vc_row][vc_column][vc_column_text]Mis conocimientos de idiomas incluyen neerland\u00e9s e ingl\u00e9s (excelente), alem\u00e1n (bastante bien), franc\u00e9s (moderado) y espa\u00f1ol (en desarrollo dr\u00e1stico).<\/p>\n<p>Esta p\u00e1gina me parece adem\u00e1s un lugar adecuado para agradecer a los amigos, la familia y los consultores nacionales e internacionales por su tiempo, experiencia y ayuda con todo el proceso que conlleva el establecimiento y el funcionamiento de Ten Have Real Estate S.L.<br \/>\n[\/vc_column_text][\/vc_column][\/vc_row][vc_row][vc_column]<h2 class=\"vcex-heading vcex-heading-plain vcex-module wpex-heading wpex-text-2xl wpex-h2\"><span class=\"vcex-heading-inner wpex-inline-block\">Orange Holiday Housing en un documental sobre la vida en la Costa Blanca<\/span><\/h2>[vc_video link=\u00bbhttps:\/\/www.youtube.com\/watch?v=NANtCMhAFA8&amp;t=1867s\u00bb css=\u00bb\u00bb][\/vc_column][\/vc_row][vc_row][vc_column]<h2 class=\"vcex-heading vcex-heading-plain vcex-module wpex-heading wpex-text-2xl wpex-h2\"><span class=\"vcex-heading-inner wpex-inline-block\">Orange Holiday Housing en un documental sobre Torrevieja<\/span><\/h2>[vc_video link=\u00bbhttps:\/\/youtu.be\/jxvfvujQRAc?t=804&#8243;][\/vc_column][\/vc_row][vc_row][vc_column][vc_separator][\/vc_column][\/vc_row][vc_row][vc_column width=\u00bb2\/3&#8243;]<h2 class=\"vcex-heading vcex-heading-plain vcex-module wpex-heading wpex-text-2xl wpex-h2 vc_custom_1576235507988 equal-height-content\"><span class=\"vcex-heading-inner wpex-inline-block\">\u00bfQuiere saber m\u00e1s?<\/span><\/h2>[\/vc_column][vc_column width=\u00bb1\/3&#8243;]<style>.vcex-button.vcex_69f5b49aa7ada{font-family:'Open Sans', sans-serif;font-size:20px;font-weight:500;}<\/style><div class=\"vc_custom_1576235518576 wpex-clr\"><a href=\"https:\/\/www.orangeholidayhousing.com\/contact\/\" class=\"vcex-button theme-button inline equal-height-content vcex_69f5b49aa7ada\"><span class=\"vcex-button-inner theme-button-inner wpex-flex wpex-flex-wrap wpex-items-center wpex-justify-center\">Contacto<\/span><\/a><\/div> [\/vc_column][\/vc_row][vc_row][vc_column][vc_separator][\/vc_column][\/vc_row]\n<\/div>","protected":false},"excerpt":{"rendered":"<p>[vc_row][vc_column width=\u00bb1\/3&#8243;][vc_single_image image=\u00bb6159&#8243;][\/vc_column][vc_column width=\u00bb2\/3&#8243;][vc_column_text]Orange Holiday Housing es una marca comercial de Ten Have Real Estate S.L., fundada en 2017. Orange Holiday Housing trabaja exclusivamente con empresas acreditadas y de confianza, por ejemplo para la limpieza y el check in cuando no nos ponemos poner a su disposici\u00f3n personalmente. Mi nombre es Ineke ten Have, y&hellip;<\/p>\n","protected":false},"author":2,"featured_media":0,"parent":0,"menu_order":0,"comment_status":"closed","ping_status":"closed","template":"templates\/no-sidebar.php","meta":{"ngg_post_thumbnail":0,"footnotes":""},"class_list":["post-6680","page","type-page","status-publish","hentry","entry","no-media"],"yoast_head":"<!-- This site is optimized with the Yoast SEO plugin v25.2 - https:\/\/yoast.com\/wordpress\/plugins\/seo\/ -->\n<title>Sobre nosotros - Orange Holiday Housing<\/title>\n<meta name=\"robots\" content=\"index, follow, max-snippet:-1, max-image-preview:large, max-video-preview:-1\" \/>\n<link rel=\"canonical\" href=\"https:\/\/www.orangeholidayhousing.com\/over-ons\/\" \/>\n<meta property=\"og:locale\" content=\"es_ES\" \/>\n<meta property=\"og:type\" content=\"article\" \/>\n<meta property=\"og:title\" content=\"Sobre nosotros - Orange Holiday Housing\" \/>\n<meta property=\"og:description\" content=\"[vc_row][vc_column width=\u00bb1\/3&#8243;][vc_single_image image=\u00bb6159&#8243;][\/vc_column][vc_column width=\u00bb2\/3&#8243;][vc_column_text]Orange Holiday Housing es una marca comercial de Ten Have Real Estate S.L., fundada en 2017. Orange Holiday Housing trabaja exclusivamente con empresas acreditadas y de confianza, por ejemplo para la limpieza y el check in cuando no nos ponemos poner a su disposici\u00f3n personalmente. Mi nombre es Ineke ten Have, y&hellip;\" \/>\n<meta property=\"og:url\" content=\"https:\/\/www.orangeholidayhousing.com\/over-ons\/\" \/>\n<meta property=\"og:site_name\" content=\"Orange Holiday Housing\" \/>\n<meta property=\"article:modified_time\" content=\"2024-06-19T07:58:11+00:00\" \/>\n<meta name=\"twitter:card\" content=\"summary_large_image\" \/>\n<meta name=\"twitter:label1\" content=\"Tiempo de lectura\" \/>\n\t<meta name=\"twitter:data1\" content=\"2 minutos\" \/>\n<script type=\"application\/ld+json\" class=\"yoast-schema-graph\">{\"@context\":\"https:\/\/schema.org\",\"@graph\":[{\"@type\":\"WebPage\",\"@id\":\"https:\/\/www.orangeholidayhousing.com\/over-ons\/\",\"url\":\"https:\/\/www.orangeholidayhousing.com\/over-ons\/\",\"name\":\"Sobre nosotros - Orange Holiday Housing\",\"isPartOf\":{\"@id\":\"https:\/\/www.orangeholidayhousing.com\/#website\"},\"datePublished\":\"2018-08-15T19:11:51+00:00\",\"dateModified\":\"2024-06-19T07:58:11+00:00\",\"breadcrumb\":{\"@id\":\"https:\/\/www.orangeholidayhousing.com\/over-ons\/#breadcrumb\"},\"inLanguage\":\"es\",\"potentialAction\":[{\"@type\":\"ReadAction\",\"target\":[\"https:\/\/www.orangeholidayhousing.com\/over-ons\/\"]}]},{\"@type\":\"BreadcrumbList\",\"@id\":\"https:\/\/www.orangeholidayhousing.com\/over-ons\/#breadcrumb\",\"itemListElement\":[{\"@type\":\"ListItem\",\"position\":1,\"name\":\"Home\",\"item\":\"https:\/\/www.orangeholidayhousing.com\/es\/\"},{\"@type\":\"ListItem\",\"position\":2,\"name\":\"Sobre nosotros\"}]},{\"@type\":\"WebSite\",\"@id\":\"https:\/\/www.orangeholidayhousing.com\/#website\",\"url\":\"https:\/\/www.orangeholidayhousing.com\/\",\"name\":\"Orange Holiday Housing\",\"description\":\"Orange Holiday Housing website\",\"publisher\":{\"@id\":\"https:\/\/www.orangeholidayhousing.com\/#organization\"},\"potentialAction\":[{\"@type\":\"SearchAction\",\"target\":{\"@type\":\"EntryPoint\",\"urlTemplate\":\"https:\/\/www.orangeholidayhousing.com\/?s={search_term_string}\"},\"query-input\":{\"@type\":\"PropertyValueSpecification\",\"valueRequired\":true,\"valueName\":\"search_term_string\"}}],\"inLanguage\":\"es\"},{\"@type\":\"Organization\",\"@id\":\"https:\/\/www.orangeholidayhousing.com\/#organization\",\"name\":\"Orange Holiday Housing\",\"url\":\"https:\/\/www.orangeholidayhousing.com\/\",\"logo\":{\"@type\":\"ImageObject\",\"inLanguage\":\"es\",\"@id\":\"https:\/\/www.orangeholidayhousing.com\/#\/schema\/logo\/image\/\",\"url\":\"https:\/\/www.orangeholidayhousing.com\/wp-content\/uploads\/2019\/10\/Logo.png\",\"contentUrl\":\"https:\/\/www.orangeholidayhousing.com\/wp-content\/uploads\/2019\/10\/Logo.png\",\"width\":250,\"height\":100,\"caption\":\"Orange Holiday Housing\"},\"image\":{\"@id\":\"https:\/\/www.orangeholidayhousing.com\/#\/schema\/logo\/image\/\"}}]}<\/script>\n<!-- \/ Yoast SEO plugin. -->","yoast_head_json":{"title":"Sobre nosotros - Orange Holiday Housing","robots":{"index":"index","follow":"follow","max-snippet":"max-snippet:-1","max-image-preview":"max-image-preview:large","max-video-preview":"max-video-preview:-1"},"canonical":"https:\/\/www.orangeholidayhousing.com\/over-ons\/","og_locale":"es_ES","og_type":"article","og_title":"Sobre nosotros - Orange Holiday Housing","og_description":"[vc_row][vc_column width=\u00bb1\/3&#8243;][vc_single_image image=\u00bb6159&#8243;][\/vc_column][vc_column width=\u00bb2\/3&#8243;][vc_column_text]Orange Holiday Housing es una marca comercial de Ten Have Real Estate S.L., fundada en 2017. Orange Holiday Housing trabaja exclusivamente con empresas acreditadas y de confianza, por ejemplo para la limpieza y el check in cuando no nos ponemos poner a su disposici\u00f3n personalmente. Mi nombre es Ineke ten Have, y&hellip;","og_url":"https:\/\/www.orangeholidayhousing.com\/over-ons\/","og_site_name":"Orange Holiday Housing","article_modified_time":"2024-06-19T07:58:11+00:00","twitter_card":"summary_large_image","twitter_misc":{"Tiempo de lectura":"2 minutos"},"schema":{"@context":"https:\/\/schema.org","@graph":[{"@type":"WebPage","@id":"https:\/\/www.orangeholidayhousing.com\/over-ons\/","url":"https:\/\/www.orangeholidayhousing.com\/over-ons\/","name":"Sobre nosotros - Orange Holiday Housing","isPartOf":{"@id":"https:\/\/www.orangeholidayhousing.com\/#website"},"datePublished":"2018-08-15T19:11:51+00:00","dateModified":"2024-06-19T07:58:11+00:00","breadcrumb":{"@id":"https:\/\/www.orangeholidayhousing.com\/over-ons\/#breadcrumb"},"inLanguage":"es","potentialAction":[{"@type":"ReadAction","target":["https:\/\/www.orangeholidayhousing.com\/over-ons\/"]}]},{"@type":"BreadcrumbList","@id":"https:\/\/www.orangeholidayhousing.com\/over-ons\/#breadcrumb","itemListElement":[{"@type":"ListItem","position":1,"name":"Home","item":"https:\/\/www.orangeholidayhousing.com\/es\/"},{"@type":"ListItem","position":2,"name":"Sobre nosotros"}]},{"@type":"WebSite","@id":"https:\/\/www.orangeholidayhousing.com\/#website","url":"https:\/\/www.orangeholidayhousing.com\/","name":"Orange Holiday Housing","description":"Orange Holiday Housing website","publisher":{"@id":"https:\/\/www.orangeholidayhousing.com\/#organization"},"potentialAction":[{"@type":"SearchAction","target":{"@type":"EntryPoint","urlTemplate":"https:\/\/www.orangeholidayhousing.com\/?s={search_term_string}"},"query-input":{"@type":"PropertyValueSpecification","valueRequired":true,"valueName":"search_term_string"}}],"inLanguage":"es"},{"@type":"Organization","@id":"https:\/\/www.orangeholidayhousing.com\/#organization","name":"Orange Holiday Housing","url":"https:\/\/www.orangeholidayhousing.com\/","logo":{"@type":"ImageObject","inLanguage":"es","@id":"https:\/\/www.orangeholidayhousing.com\/#\/schema\/logo\/image\/","url":"https:\/\/www.orangeholidayhousing.com\/wp-content\/uploads\/2019\/10\/Logo.png","contentUrl":"https:\/\/www.orangeholidayhousing.com\/wp-content\/uploads\/2019\/10\/Logo.png","width":250,"height":100,"caption":"Orange Holiday Housing"},"image":{"@id":"https:\/\/www.orangeholidayhousing.com\/#\/schema\/logo\/image\/"}}]}},"_links":{"self":[{"href":"https:\/\/www.orangeholidayhousing.com\/es\/wp-json\/wp\/v2\/pages\/6680","targetHints":{"allow":["GET"]}}],"collection":[{"href":"https:\/\/www.orangeholidayhousing.com\/es\/wp-json\/wp\/v2\/pages"}],"about":[{"href":"https:\/\/www.orangeholidayhousing.com\/es\/wp-json\/wp\/v2\/types\/page"}],"author":[{"embeddable":true,"href":"https:\/\/www.orangeholidayhousing.com\/es\/wp-json\/wp\/v2\/users\/2"}],"replies":[{"embeddable":true,"href":"https:\/\/www.orangeholidayhousing.com\/es\/wp-json\/wp\/v2\/comments?post=6680"}],"version-history":[{"count":4,"href":"https:\/\/www.orangeholidayhousing.com\/es\/wp-json\/wp\/v2\/pages\/6680\/revisions"}],"predecessor-version":[{"id":1269613,"href":"https:\/\/www.orangeholidayhousing.com\/es\/wp-json\/wp\/v2\/pages\/6680\/revisions\/1269613"}],"wp:attachment":[{"href":"https:\/\/www.orangeholidayhousing.com\/es\/wp-json\/wp\/v2\/media?parent=6680"}],"curies":[{"name":"wp","href":"https:\/\/api.w.org\/{rel}","templated":true}]}}