{"id":6686,"date":"2019-10-30T11:22:11","date_gmt":"2019-10-30T10:22:11","guid":{"rendered":"https:\/\/www.orangeholidayhousing.com\/gastenboek\/"},"modified":"2019-12-20T15:26:24","modified_gmt":"2019-12-20T14:26:24","slug":"gastenboek","status":"publish","type":"page","link":"https:\/\/www.orangeholidayhousing.com\/es\/gastenboek\/","title":{"rendered":"Registro de hu\u00e9spedes"},"content":{"rendered":"<div class=\"wpb-content-wrapper\">[vc_row][vc_column width=\u00bb1\/2&#8243;]<style>.vcex-heading.vcex_69fcb37f5a7b6{color:#666666;font-size:16px;font-family:'Open Sans', sans-serif;font-weight:700;}<\/style><div class=\"vcex-heading vcex-heading-plain vcex-module wpex-heading wpex-text-2xl wpex-div vc_custom_1576848083729 vcex_69fcb37f5a7b6\"><span class=\"vcex-heading-inner wpex-inline-block\">Alex (5 de octubre 2019 en Airbnb sobre Amalia-34)<\/span><\/div>[vc_column_text css=\u00bb.vc_custom_1576848091960{padding-top: 3% !important;padding-right: 3% !important;padding-bottom: 5% !important;padding-left: 3% !important;background-color: #f6f6f6 !important;}\u00bb]Todo correcto. Espacio moderno y que te hace sentir comodo.[\/vc_column_text]<style>.vcex-heading.vcex_69fcb37f5b90c{color:#666666;font-size:16px;font-family:'Open Sans', sans-serif;font-weight:700;}<\/style><div class=\"vcex-heading vcex-heading-plain vcex-module wpex-heading wpex-text-2xl wpex-div vc_custom_1576848102585 vcex_69fcb37f5b90c\"><span class=\"vcex-heading-inner wpex-inline-block\">Raquel (11 de agosto 2019 en Airbnb sobre La Fuente 459)<\/span><\/div>[vc_column_text css=\u00bb.vc_custom_1576848115181{padding-top: 3% !important;padding-right: 3% !important;padding-bottom: 5% !important;padding-left: 3% !important;background-color: #f6f6f6 !important;}\u00bb]Alojamiento perfectamente equipado con todas Las comodidades, zona residencial muy tranquila con piscina. La casa impecable, La zona muy tranquila y con Centro commercial muy Cerca. Con playas a 10 minutos en coche[\/vc_column_text]<style>.vcex-heading.vcex_69fcb37f5bed0{color:#666666;font-size:16px;font-family:'Open Sans', sans-serif;font-weight:700;}<\/style><div class=\"vcex-heading vcex-heading-plain vcex-module wpex-heading wpex-text-2xl wpex-div vc_custom_1576848126963 vcex_69fcb37f5bed0\"><span class=\"vcex-heading-inner wpex-inline-block\">Sheila (25 de abril 2019 en Airbnb sobre Amalia-20)<\/span><\/div>[vc_column_text css=\u00bb.vc_custom_1576848137253{padding-top: 3% !important;padding-right: 3% !important;padding-bottom: 5% !important;padding-left: 3% !important;background-color: #f6f6f6 !important;}\u00bb]Una estancia muy agradable, el apartamento amplio, moderno y con una buena iluminaci\u00f3n (tal como en la foto), la anfitriona muy agradable tambi\u00e9n. Faltaria poner bien la ubicaci\u00f3n, (el numero exacto del apartamento) y limpiar un poco el extractor de humo de la cocina.. cayeron algunas gotas de grasa de ah\u00ed dentro cuando est\u00e1bamos cocinando! Por lo dem\u00e1s un 10![\/vc_column_text]<style>.vcex-heading.vcex_69fcb37f5c48d{color:#666666;font-size:16px;font-family:'Open Sans', sans-serif;font-weight:700;}<\/style><div class=\"vcex-heading vcex-heading-plain vcex-module wpex-heading wpex-text-2xl wpex-div vc_custom_1576848152580 vcex_69fcb37f5c48d\"><span class=\"vcex-heading-inner wpex-inline-block\">Florencio (23 de septiembre 2018 en Airbnb sobre Oasis Beach 6107)<\/span><\/div>[vc_column_text css=\u00bb.vc_custom_1576848165269{padding-top: 3% !important;padding-right: 3% !important;padding-bottom: 5% !important;padding-left: 3% !important;background-color: #f6f6f6 !important;}\u00bb]El apartamento es tal y como se ve en las fotos, ubicaci\u00f3n estupenda, al lado del centro comercial y cercano a las playas.[\/vc_column_text]<style>.vcex-heading.vcex_69fcb37f5ca1f{color:#666666;font-size:16px;font-family:'Open Sans', sans-serif;font-weight:700;}<\/style><div class=\"vcex-heading vcex-heading-plain vcex-module wpex-heading wpex-text-2xl wpex-div vc_custom_1576848177984 vcex_69fcb37f5ca1f\"><span class=\"vcex-heading-inner wpex-inline-block\">Mari (26 de agosto 2018 en Airbnb sobre La Entrada 2a)<\/span><\/div>[vc_column_text css=\u00bb.vc_custom_1576848188060{padding-top: 3% !important;padding-right: 3% !important;padding-bottom: 5% !important;padding-left: 3% !important;background-color: #f6f6f6 !important;}\u00bb]Es un apartamento estupendo, muy bien amoblado con todos los detalles, toda clase de utensilios de cocina, la piscina genial, el recinto estupendo para ni\u00f1os y jovencitos volveremos[\/vc_column_text]<style>.vcex-heading.vcex_69fcb37f5cfe3{color:#666666;font-size:16px;font-family:'Open Sans', sans-serif;font-weight:700;}<\/style><div class=\"vcex-heading vcex-heading-plain vcex-module wpex-heading wpex-text-2xl wpex-div vc_custom_1576848204524 vcex_69fcb37f5cfe3\"><span class=\"vcex-heading-inner wpex-inline-block\">Andres (19 de julio de 2018 en Airbnb sobre Amalia-12)<\/span><\/div>[vc_column_text css=\u00bb.vc_custom_1576848218932{padding-top: 3% !important;padding-right: 3% !important;padding-bottom: 5% !important;padding-left: 3% !important;background-color: #f6f6f6 !important;}\u00bb]Lugar muy familiar donde se puede descansar sin ruidos ni molestias. La verdad que la pasamos genial y seguro que repetimos<br \/>\nTodo estupendo seguro que volveremos muchas gracias[\/vc_column_text]<style>.vcex-heading.vcex_69fcb37f5d5b9{color:#666666;font-size:16px;font-family:'Open Sans', sans-serif;font-weight:700;}<\/style><div class=\"vcex-heading vcex-heading-plain vcex-module wpex-heading wpex-text-2xl wpex-div vc_custom_1576848232967 vcex_69fcb37f5d5b9\"><span class=\"vcex-heading-inner wpex-inline-block\">Felipe (6 de septiembre de 2017 en TripAdvisor sobre Amalia-20)<\/span><\/div>[vc_column_text css=\u00bb.vc_custom_1576848240793{padding-top: 3% !important;padding-right: 3% !important;padding-bottom: 5% !important;padding-left: 3% !important;background-color: #f6f6f6 !important;}\u00bb]Apartamentos nuevos, una urbanizacion muy bien ubicada, cerca de bares y supermercados, enfrente de una playa de piedra o a 5 minutos andando de playas de arena(con bares y tiendas para las paradas tecnicas), y sobre todo agradecer la excelente atencion de la anfitriona, muchas gracias Ineke!!!!\u00a1[\/vc_column_text]<style>.vcex-heading.vcex_69fcb37f5db8e{color:#666666;font-size:16px;font-family:'Open Sans', sans-serif;font-weight:700;}<\/style><div class=\"vcex-heading vcex-heading-plain vcex-module wpex-heading wpex-text-2xl wpex-div vc_custom_1576848255028 vcex_69fcb37f5db8e\"><span class=\"vcex-heading-inner wpex-inline-block\">Virginia (3 de septiembre de 2017 en Airbnb sobre Amalia-13)<\/span><\/div>[vc_column_text css=\u00bb.vc_custom_1576848267040{padding-top: 3% !important;padding-right: 3% !important;padding-bottom: 5% !important;padding-left: 3% !important;background-color: #f6f6f6 !important;}\u00bb]Muy contentos.Cumple con las expectativas. Anfitriona muy atenta y resolutiva.[\/vc_column_text]<style>.vcex-heading.vcex_69fcb37f5e153{color:#666666;font-size:16px;font-family:'Open Sans', sans-serif;font-weight:700;}<\/style><div class=\"vcex-heading vcex-heading-plain vcex-module wpex-heading wpex-text-2xl wpex-div vc_custom_1576848279758 vcex_69fcb37f5e153\"><span class=\"vcex-heading-inner wpex-inline-block\">Maria (20 de agosto de 2017 en Airbnb sobre Amalia-20)<\/span><\/div>[vc_column_text css=\u00bb.vc_custom_1576848289439{padding-top: 3% !important;padding-right: 5% !important;padding-bottom: 5% !important;padding-left: 5% !important;background-color: #f6f6f6 !important;}\u00bb]Excelente anfitriona, nos entendimos muy bien, agradable y el piso muy limpio y todo tal cual como nos lo hab\u00eda comentado. El piso muy bonito, luminoso y c\u00f3modo. Repetir\u00eda sin duda alguna[\/vc_column_text]<style>.vcex-heading.vcex_69fcb37f5e706{color:#666666;font-size:16px;font-family:'Open Sans', sans-serif;font-weight:700;}<\/style><div class=\"vcex-heading vcex-heading-plain vcex-module wpex-heading wpex-text-2xl wpex-div vc_custom_1576848299793 vcex_69fcb37f5e706\"><span class=\"vcex-heading-inner wpex-inline-block\">Judit (20 de agosto de 2017 en Facebook y TripAdvisor sobre Amalia-13)<\/span><\/div>[vc_column_text css=\u00bb.vc_custom_1576848309848{padding-top: 3% !important;padding-right: 3% !important;padding-bottom: 5% !important;padding-left: 3% !important;background-color: #f6f6f6 !important;}\u00bb]Es un sitio estupendo y super tranquilo,el trato a sido genial. Lo recomiendo 100%. Seguro qie volvemos[\/vc_column_text]<style>.vcex-heading.vcex_69fcb37f5ecc9{color:#666666;font-size:16px;font-family:'Open Sans', sans-serif;font-weight:700;}<\/style><div class=\"vcex-heading vcex-heading-plain vcex-module wpex-heading wpex-text-2xl wpex-div vc_custom_1576848332217 vcex_69fcb37f5ecc9\"><span class=\"vcex-heading-inner wpex-inline-block\">Luc\u00eda (30 de julio de 2017 en Airbnb sobre Amalia-13)<\/span><\/div>[vc_column_text css=\u00bb.vc_custom_1576848321774{padding-top: 3% !important;padding-right: 3% !important;padding-bottom: 5% !important;padding-left: 3% !important;background-color: #f6f6f6 !important;}\u00bb]Totalmente recomendable. El residencial y la vivienda en s\u00ed est\u00e1n genial. El apartamento es MUY NUEVO. Ineke ha estado pendiente de nosotras en todo momento. Para repetir sin duda.[\/vc_column_text][\/vc_column][vc_column width=\u00bb1\/2&#8243;][vc_column_text css=\u00bb.vc_custom_1576235613514{padding-bottom: 5% !important;}\u00bb]En esta p\u00e1gina, los hu\u00e9spedes y otros pueden dejar sus comentarios y experiencias. Si tiene preguntas puede enviarnos un correo electr\u00f3nico, un mensaje en WhatsApp o rellenar el formulario de contacto.<br \/>\n[\/vc_column_text]<style>.vcex-list_item.vcex_69fcb37f5f4ea .vcex-list-item-icon-inner{color:#666666;}<\/style><div class=\"vcex-list_item vcex-module wpex-m-0 wpex-max-w-100 wpex-mb-5 vcex_69fcb37f5f4ea\"><a href=\"mailto:&#105;n&#102;o&#064;&#111;r&#097;&#110;g&#101;h&#111;lidayh&#111;&#117;sin&#103;.n&#108;\" class=\"vcex-list-item-link wpex-no-underline\"><div class=\"vcex-list-item-inner wpex-inline-flex wpex-flex-no-wrap\"><div class=\"vcex-list-item-icon wpex-mr-10\"><div class=\"vcex-list-item-icon-inner vcex-icon-wrap wpex-inline-flex wpex-justify-center wpex-items-center wpex-leading-none wpex-child-inherit-color\"><span class=\"wpex-icon--w wpex-icon\" aria-hidden=\"true\"><svg xmlns=\"http:\/\/www.w3.org\/2000\/svg\" viewBox=\"0 0 512 512\"><path d=\"M48 64C21.5 64 0 85.5 0 112c0 15.1 7.1 29.3 19.2 38.4L236.8 313.6c11.4 8.5 27 8.5 38.4 0L492.8 150.4c12.1-9.1 19.2-23.3 19.2-38.4c0-26.5-21.5-48-48-48H48zM0 176V384c0 35.3 28.7 64 64 64H448c35.3 0 64-28.7 64-64V176L294.4 339.2c-22.8 17.1-54 17.1-76.8 0L0 176z\"\/><\/svg><\/span><\/div><\/div><div class=\"vcex-list-item-text vcex-content wpex-flex-grow\">in&#102;o&#64;o&#114;a&#110;ge&#104;oli&#100;&#97;y&#104;&#111;usi&#110;&#103;&#46;&#110;l<\/div><\/div><\/a><\/div><style>.vcex-list_item.vcex_69fcb37f6509f .vcex-list-item-icon-inner{color:#666666;}<\/style><div class=\"vcex-list_item vcex-module wpex-m-0 wpex-max-w-100 wpex-mb-5 vcex_69fcb37f6509f\"><a href=\"tel:+31%206%2025153848\" class=\"vcex-list-item-link wpex-no-underline\"><div class=\"vcex-list-item-inner wpex-inline-flex wpex-flex-no-wrap\"><div class=\"vcex-list-item-icon wpex-mr-10\"><div class=\"vcex-list-item-icon-inner vcex-icon-wrap wpex-inline-flex wpex-justify-center wpex-items-center wpex-leading-none wpex-child-inherit-color\"><span class=\"wpex-icon--w wpex-icon\" aria-hidden=\"true\"><svg xmlns=\"http:\/\/www.w3.org\/2000\/svg\" viewBox=\"0 0 512 512\"><path d=\"M164.9 24.6c-7.7-18.6-28-28.5-47.4-23.2l-88 24C12.1 30.2 0 46 0 64C0 311.4 200.6 512 448 512c18 0 33.8-12.1 38.6-29.5l24-88c5.3-19.4-4.6-39.7-23.2-47.4l-96-40c-16.3-6.8-35.2-2.1-46.3 11.6L304.7 368C234.3 334.7 177.3 277.7 144 207.3L193.3 167c13.7-11.2 18.4-30 11.6-46.3l-40-96z\"\/><\/svg><\/span><\/div><\/div><div class=\"vcex-list-item-text vcex-content wpex-flex-grow\">+31 6 25153848<\/div><\/div><\/a><\/div><style>.vcex-list_item.vcex_69fcb37f66155 .vcex-list-item-icon-inner{color:#666666;}<\/style><div class=\"vcex-list_item vcex-module wpex-m-0 wpex-max-w-100 wpex-mb-5 vcex_69fcb37f66155\"><a href=\"https:\/\/wa.me\/31625153848\" class=\"vcex-list-item-link wpex-no-underline\"><div class=\"vcex-list-item-inner wpex-inline-flex wpex-flex-no-wrap\"><div class=\"vcex-list-item-icon wpex-mr-10\"><div class=\"vcex-list-item-icon-inner vcex-icon-wrap wpex-inline-flex wpex-justify-center wpex-items-center wpex-leading-none wpex-child-inherit-color\"><span class=\"wpex-icon--w wpex-icon\" aria-hidden=\"true\"><svg xmlns=\"http:\/\/www.w3.org\/2000\/svg\" viewBox=\"0 0 448 512\"><path d=\"M380.9 97.1C339 55.1 283.2 32 223.9 32c-122.4 0-222 99.6-222 222 0 39.1 10.2 77.3 29.6 111L0 480l117.7-30.9c32.4 17.7 68.9 27 106.1 27h.1c122.3 0 224.1-99.6 224.1-222 0-59.3-25.2-115-67.1-157zm-157 341.6c-33.2 0-65.7-8.9-94-25.7l-6.7-4-69.8 18.3L72 359.2l-4.4-7c-18.5-29.4-28.2-63.3-28.2-98.2 0-101.7 82.8-184.5 184.6-184.5 49.3 0 95.6 19.2 130.4 54.1 34.8 34.9 56.2 81.2 56.1 130.5 0 101.8-84.9 184.6-186.6 184.6zm101.2-138.2c-5.5-2.8-32.8-16.2-37.9-18-5.1-1.9-8.8-2.8-12.5 2.8-3.7 5.6-14.3 18-17.6 21.8-3.2 3.7-6.5 4.2-12 1.4-32.6-16.3-54-29.1-75.5-66-5.7-9.8 5.7-9.1 16.3-30.3 1.8-3.7 .9-6.9-.5-9.7-1.4-2.8-12.5-30.1-17.1-41.2-4.5-10.8-9.1-9.3-12.5-9.5-3.2-.2-6.9-.2-10.6-.2-3.7 0-9.7 1.4-14.8 6.9-5.1 5.6-19.4 19-19.4 46.3 0 27.3 19.9 53.7 22.6 57.4 2.8 3.7 39.1 59.7 94.8 83.8 35.2 15.2 49 16.5 66.6 13.9 10.7-1.6 32.8-13.4 37.4-26.4 4.6-13 4.6-24.1 3.2-26.4-1.3-2.5-5-3.9-10.5-6.6z\"\/><\/svg><\/span><\/div><\/div><div class=\"vcex-list-item-text vcex-content wpex-flex-grow\">+31 6 25153848<\/div><\/div><\/a><\/div><div class=\"vcex-spacing wpex-w-100 wpex-clear\"><\/div><div class=\"vcex-form-shortcode vcex-module wpex-form wpex-m-auto wpex-max-w-100 vc_custom_1576849228887\">\n<div class=\"wpcf7 no-js\" id=\"wpcf7-f9759-o1\" lang=\"nl-NL\" dir=\"ltr\" data-wpcf7-id=\"9759\">\n<div class=\"screen-reader-response\"><p role=\"status\" aria-live=\"polite\" aria-atomic=\"true\"><\/p> <ul><\/ul><\/div>\n<form action=\"\/es\/wp-json\/wp\/v2\/pages\/6686#wpcf7-f9759-o1\" method=\"post\" class=\"wpcf7-form init\" aria-label=\"Contactformulier\" novalidate=\"novalidate\" data-status=\"init\">\n<div style=\"display: none;\">\n<input type=\"hidden\" name=\"_wpcf7\" value=\"9759\" \/>\n<input type=\"hidden\" name=\"_wpcf7_version\" value=\"6.0.6\" \/>\n<input type=\"hidden\" name=\"_wpcf7_locale\" value=\"nl_NL\" \/>\n<input type=\"hidden\" name=\"_wpcf7_unit_tag\" value=\"wpcf7-f9759-o1\" \/>\n<input type=\"hidden\" name=\"_wpcf7_container_post\" value=\"0\" \/>\n<input type=\"hidden\" name=\"_wpcf7_posted_data_hash\" value=\"\" \/>\n<\/div>\n<p class=\"one-half first\">Nombre (requerido)\n<\/p>\n<p><span class=\"wpcf7-form-control-wrap\" data-name=\"your-name\"><input size=\"40\" maxlength=\"400\" class=\"wpcf7-form-control wpcf7-text wpcf7-validates-as-required\" aria-required=\"true\" aria-invalid=\"false\" value=\"\" type=\"text\" name=\"your-name\" \/><\/span>\n<\/p>\n<p class=\"one-half\">E-mail (requerido)\n<\/p>\n<p><span class=\"wpcf7-form-control-wrap\" data-name=\"your-email\"><input size=\"40\" maxlength=\"400\" class=\"wpcf7-form-control wpcf7-email wpcf7-validates-as-required wpcf7-text wpcf7-validates-as-email\" aria-required=\"true\" aria-invalid=\"false\" value=\"\" type=\"email\" name=\"your-email\" \/><\/span>\n<\/p>\n<p><span id=\"wpcf7-69fcb37f705b8-wrapper\" class=\"wpcf7-form-control-wrap Website-966-wrap\" style=\"display:none !important; visibility:hidden !important;\"><label for=\"wpcf7-69fcb37f705b8-field\" class=\"hp-message\">Gelieve dit veld leeg te laten.<\/label><input id=\"wpcf7-69fcb37f705b8-field\"  class=\"wpcf7-form-control wpcf7-text\" type=\"text\" name=\"Website-966\" value=\"\" size=\"40\" tabindex=\"-1\" autocomplete=\"new-password\" \/><\/span>\n<\/p>\n<p><label> Asunto<br \/>\n<span class=\"wpcf7-form-control-wrap\" data-name=\"your-subject\"><input size=\"40\" maxlength=\"400\" class=\"wpcf7-form-control wpcf7-text\" aria-invalid=\"false\" value=\"\" type=\"text\" name=\"your-subject\" \/><\/span> <\/label>\n<\/p>\n<p><label> Mensaje<br \/>\n<span class=\"wpcf7-form-control-wrap\" data-name=\"your-message\"><textarea cols=\"40\" rows=\"10\" maxlength=\"2000\" class=\"wpcf7-form-control wpcf7-textarea\" aria-invalid=\"false\" name=\"your-message\"><\/textarea><\/span> <\/label>\n<\/p>\n<p><input class=\"wpcf7-form-control wpcf7-submit has-spinner\" type=\"submit\" value=\"Enviar\" \/>\n<\/p><p style=\"display: none !important;\" class=\"akismet-fields-container\" data-prefix=\"_wpcf7_ak_\"><label>&#916;<textarea name=\"_wpcf7_ak_hp_textarea\" cols=\"45\" rows=\"8\" maxlength=\"100\"><\/textarea><\/label><input type=\"hidden\" id=\"ak_js_1\" name=\"_wpcf7_ak_js\" value=\"186\"\/><script>document.getElementById( \"ak_js_1\" ).setAttribute( \"value\", ( new Date() ).getTime() );<\/script><\/p><div class=\"wpcf7-response-output\" aria-hidden=\"true\"><\/div>\n<\/form>\n<\/div>\n<\/div>[\/vc_column][\/vc_row]\n<\/div>","protected":false},"excerpt":{"rendered":"<p>[vc_row][vc_column width=\u00bb1\/2&#8243;][vc_column_text css=\u00bb.vc_custom_1576848091960{padding-top: 3% !important;padding-right: 3% !important;padding-bottom: 5% !important;padding-left: 3% !important;background-color: #f6f6f6 !important;}\u00bb]Todo correcto. Espacio moderno y que te hace sentir comodo.[\/vc_column_text][vc_column_text css=\u00bb.vc_custom_1576848115181{padding-top: 3% !important;padding-right: 3% !important;padding-bottom: 5% !important;padding-left: 3% !important;background-color: #f6f6f6 !important;}\u00bb]Alojamiento perfectamente equipado con todas Las comodidades, zona residencial muy tranquila con piscina. La casa impecable, La zona muy tranquila y con Centro&hellip;<\/p>\n","protected":false},"author":2,"featured_media":0,"parent":0,"menu_order":0,"comment_status":"closed","ping_status":"closed","template":"templates\/no-sidebar.php","meta":{"ngg_post_thumbnail":0,"footnotes":""},"class_list":["post-6686","page","type-page","status-publish","hentry","entry","no-media"],"yoast_head":"<!-- This site is optimized with the Yoast SEO plugin v25.2 - https:\/\/yoast.com\/wordpress\/plugins\/seo\/ -->\n<title>Registro de hu\u00e9spedes - Orange Holiday Housing<\/title>\n<meta name=\"robots\" content=\"index, follow, max-snippet:-1, max-image-preview:large, max-video-preview:-1\" \/>\n<link rel=\"canonical\" href=\"https:\/\/www.orangeholidayhousing.com\/gastenboek\/\" \/>\n<meta property=\"og:locale\" content=\"es_ES\" \/>\n<meta property=\"og:type\" content=\"article\" \/>\n<meta property=\"og:title\" content=\"Registro de hu\u00e9spedes - Orange Holiday Housing\" \/>\n<meta property=\"og:description\" content=\"[vc_row][vc_column width=\u00bb1\/2&#8243;][vc_column_text css=\u00bb.vc_custom_1576848091960{padding-top: 3% !important;padding-right: 3% !important;padding-bottom: 5% !important;padding-left: 3% !important;background-color: #f6f6f6 !important;}\u00bb]Todo correcto. Espacio moderno y que te hace sentir comodo.[\/vc_column_text][vc_column_text css=\u00bb.vc_custom_1576848115181{padding-top: 3% !important;padding-right: 3% !important;padding-bottom: 5% !important;padding-left: 3% !important;background-color: #f6f6f6 !important;}\u00bb]Alojamiento perfectamente equipado con todas Las comodidades, zona residencial muy tranquila con piscina. La casa impecable, La zona muy tranquila y con Centro&hellip;\" \/>\n<meta property=\"og:url\" content=\"https:\/\/www.orangeholidayhousing.com\/gastenboek\/\" \/>\n<meta property=\"og:site_name\" content=\"Orange Holiday Housing\" \/>\n<meta property=\"article:modified_time\" content=\"2019-12-20T14:26:24+00:00\" \/>\n<meta name=\"twitter:card\" content=\"summary_large_image\" \/>\n<meta name=\"twitter:label1\" content=\"Tiempo de lectura\" \/>\n\t<meta name=\"twitter:data1\" content=\"5 minutos\" \/>\n<script type=\"application\/ld+json\" class=\"yoast-schema-graph\">{\"@context\":\"https:\/\/schema.org\",\"@graph\":[{\"@type\":\"WebPage\",\"@id\":\"https:\/\/www.orangeholidayhousing.com\/gastenboek\/\",\"url\":\"https:\/\/www.orangeholidayhousing.com\/gastenboek\/\",\"name\":\"Registro de hu\u00e9spedes - Orange Holiday Housing\",\"isPartOf\":{\"@id\":\"https:\/\/www.orangeholidayhousing.com\/#website\"},\"datePublished\":\"2019-10-30T10:22:11+00:00\",\"dateModified\":\"2019-12-20T14:26:24+00:00\",\"breadcrumb\":{\"@id\":\"https:\/\/www.orangeholidayhousing.com\/gastenboek\/#breadcrumb\"},\"inLanguage\":\"es\",\"potentialAction\":[{\"@type\":\"ReadAction\",\"target\":[\"https:\/\/www.orangeholidayhousing.com\/gastenboek\/\"]}]},{\"@type\":\"BreadcrumbList\",\"@id\":\"https:\/\/www.orangeholidayhousing.com\/gastenboek\/#breadcrumb\",\"itemListElement\":[{\"@type\":\"ListItem\",\"position\":1,\"name\":\"Home\",\"item\":\"https:\/\/www.orangeholidayhousing.com\/es\/\"},{\"@type\":\"ListItem\",\"position\":2,\"name\":\"Registro de hu\u00e9spedes\"}]},{\"@type\":\"WebSite\",\"@id\":\"https:\/\/www.orangeholidayhousing.com\/#website\",\"url\":\"https:\/\/www.orangeholidayhousing.com\/\",\"name\":\"Orange Holiday Housing\",\"description\":\"Orange Holiday Housing website\",\"publisher\":{\"@id\":\"https:\/\/www.orangeholidayhousing.com\/#organization\"},\"potentialAction\":[{\"@type\":\"SearchAction\",\"target\":{\"@type\":\"EntryPoint\",\"urlTemplate\":\"https:\/\/www.orangeholidayhousing.com\/?s={search_term_string}\"},\"query-input\":{\"@type\":\"PropertyValueSpecification\",\"valueRequired\":true,\"valueName\":\"search_term_string\"}}],\"inLanguage\":\"es\"},{\"@type\":\"Organization\",\"@id\":\"https:\/\/www.orangeholidayhousing.com\/#organization\",\"name\":\"Orange Holiday Housing\",\"url\":\"https:\/\/www.orangeholidayhousing.com\/\",\"logo\":{\"@type\":\"ImageObject\",\"inLanguage\":\"es\",\"@id\":\"https:\/\/www.orangeholidayhousing.com\/#\/schema\/logo\/image\/\",\"url\":\"https:\/\/www.orangeholidayhousing.com\/wp-content\/uploads\/2019\/10\/Logo.png\",\"contentUrl\":\"https:\/\/www.orangeholidayhousing.com\/wp-content\/uploads\/2019\/10\/Logo.png\",\"width\":250,\"height\":100,\"caption\":\"Orange Holiday Housing\"},\"image\":{\"@id\":\"https:\/\/www.orangeholidayhousing.com\/#\/schema\/logo\/image\/\"}}]}<\/script>\n<!-- \/ Yoast SEO plugin. -->","yoast_head_json":{"title":"Registro de hu\u00e9spedes - Orange Holiday Housing","robots":{"index":"index","follow":"follow","max-snippet":"max-snippet:-1","max-image-preview":"max-image-preview:large","max-video-preview":"max-video-preview:-1"},"canonical":"https:\/\/www.orangeholidayhousing.com\/gastenboek\/","og_locale":"es_ES","og_type":"article","og_title":"Registro de hu\u00e9spedes - Orange Holiday Housing","og_description":"[vc_row][vc_column width=\u00bb1\/2&#8243;][vc_column_text css=\u00bb.vc_custom_1576848091960{padding-top: 3% !important;padding-right: 3% !important;padding-bottom: 5% !important;padding-left: 3% !important;background-color: #f6f6f6 !important;}\u00bb]Todo correcto. Espacio moderno y que te hace sentir comodo.[\/vc_column_text][vc_column_text css=\u00bb.vc_custom_1576848115181{padding-top: 3% !important;padding-right: 3% !important;padding-bottom: 5% !important;padding-left: 3% !important;background-color: #f6f6f6 !important;}\u00bb]Alojamiento perfectamente equipado con todas Las comodidades, zona residencial muy tranquila con piscina. La casa impecable, La zona muy tranquila y con Centro&hellip;","og_url":"https:\/\/www.orangeholidayhousing.com\/gastenboek\/","og_site_name":"Orange Holiday Housing","article_modified_time":"2019-12-20T14:26:24+00:00","twitter_card":"summary_large_image","twitter_misc":{"Tiempo de lectura":"5 minutos"},"schema":{"@context":"https:\/\/schema.org","@graph":[{"@type":"WebPage","@id":"https:\/\/www.orangeholidayhousing.com\/gastenboek\/","url":"https:\/\/www.orangeholidayhousing.com\/gastenboek\/","name":"Registro de hu\u00e9spedes - Orange Holiday Housing","isPartOf":{"@id":"https:\/\/www.orangeholidayhousing.com\/#website"},"datePublished":"2019-10-30T10:22:11+00:00","dateModified":"2019-12-20T14:26:24+00:00","breadcrumb":{"@id":"https:\/\/www.orangeholidayhousing.com\/gastenboek\/#breadcrumb"},"inLanguage":"es","potentialAction":[{"@type":"ReadAction","target":["https:\/\/www.orangeholidayhousing.com\/gastenboek\/"]}]},{"@type":"BreadcrumbList","@id":"https:\/\/www.orangeholidayhousing.com\/gastenboek\/#breadcrumb","itemListElement":[{"@type":"ListItem","position":1,"name":"Home","item":"https:\/\/www.orangeholidayhousing.com\/es\/"},{"@type":"ListItem","position":2,"name":"Registro de hu\u00e9spedes"}]},{"@type":"WebSite","@id":"https:\/\/www.orangeholidayhousing.com\/#website","url":"https:\/\/www.orangeholidayhousing.com\/","name":"Orange Holiday Housing","description":"Orange Holiday Housing website","publisher":{"@id":"https:\/\/www.orangeholidayhousing.com\/#organization"},"potentialAction":[{"@type":"SearchAction","target":{"@type":"EntryPoint","urlTemplate":"https:\/\/www.orangeholidayhousing.com\/?s={search_term_string}"},"query-input":{"@type":"PropertyValueSpecification","valueRequired":true,"valueName":"search_term_string"}}],"inLanguage":"es"},{"@type":"Organization","@id":"https:\/\/www.orangeholidayhousing.com\/#organization","name":"Orange Holiday Housing","url":"https:\/\/www.orangeholidayhousing.com\/","logo":{"@type":"ImageObject","inLanguage":"es","@id":"https:\/\/www.orangeholidayhousing.com\/#\/schema\/logo\/image\/","url":"https:\/\/www.orangeholidayhousing.com\/wp-content\/uploads\/2019\/10\/Logo.png","contentUrl":"https:\/\/www.orangeholidayhousing.com\/wp-content\/uploads\/2019\/10\/Logo.png","width":250,"height":100,"caption":"Orange Holiday Housing"},"image":{"@id":"https:\/\/www.orangeholidayhousing.com\/#\/schema\/logo\/image\/"}}]}},"_links":{"self":[{"href":"https:\/\/www.orangeholidayhousing.com\/es\/wp-json\/wp\/v2\/pages\/6686","targetHints":{"allow":["GET"]}}],"collection":[{"href":"https:\/\/www.orangeholidayhousing.com\/es\/wp-json\/wp\/v2\/pages"}],"about":[{"href":"https:\/\/www.orangeholidayhousing.com\/es\/wp-json\/wp\/v2\/types\/page"}],"author":[{"embeddable":true,"href":"https:\/\/www.orangeholidayhousing.com\/es\/wp-json\/wp\/v2\/users\/2"}],"replies":[{"embeddable":true,"href":"https:\/\/www.orangeholidayhousing.com\/es\/wp-json\/wp\/v2\/comments?post=6686"}],"version-history":[{"count":7,"href":"https:\/\/www.orangeholidayhousing.com\/es\/wp-json\/wp\/v2\/pages\/6686\/revisions"}],"predecessor-version":[{"id":9784,"href":"https:\/\/www.orangeholidayhousing.com\/es\/wp-json\/wp\/v2\/pages\/6686\/revisions\/9784"}],"wp:attachment":[{"href":"https:\/\/www.orangeholidayhousing.com\/es\/wp-json\/wp\/v2\/media?parent=6686"}],"curies":[{"name":"wp","href":"https:\/\/api.w.org\/{rel}","templated":true}]}}